{"id":9813,"date":"2022-06-07T07:27:42","date_gmt":"2022-06-07T07:27:42","guid":{"rendered":"https:\/\/micb.md\/cariera\/"},"modified":"2024-03-07T14:06:08","modified_gmt":"2024-03-07T14:06:08","slug":"cariera","status":"publish","type":"page","link":"https:\/\/micb.md\/en\/cariera\/","title":{"rendered":"Career"},"content":{"rendered":"\n\t\t\t<section class='hero-services'>\n\t\t\t\t\t\t\t<div class=\"wrap\">\n\t\t\t\t\t<div class=\"breadcrumbs\"><span><span><a href=\"https:\/\/micb.md\/en\/\">Home<\/a><\/span><\/span><\/div>\t\t\t\t<\/div>\n\t\t\t\t\t\t<div class=\"wrap2\">\n\t\t\t\t<div class=\"box\">\n\t\t\t\t\t\t\t\t\t\t\t<img loading=\"lazy\" decoding=\"async\" width=\"1352\" height=\"528\" src=\"https:\/\/micb.md\/wp-content\/uploads\/2023\/03\/card-de-credit-rus-1.jpg\" class=\"desk-img\" alt=\"\" srcset=\"https:\/\/micb.md\/wp-content\/uploads\/2023\/03\/card-de-credit-rus-1.jpg 1352w, https:\/\/micb.md\/wp-content\/uploads\/2023\/03\/card-de-credit-rus-1-300x117.jpg 300w, https:\/\/micb.md\/wp-content\/uploads\/2023\/03\/card-de-credit-rus-1-1024x400.jpg 1024w\" sizes=\"auto, (max-width: 1352px) 100vw, 1352px\" \/>\t\t\t\t\t\t\t\t\t\t<div class=\"content\">\n\t\t\t\t\t\t\t\t\t\t\t\t\t<h1 style=\"color: ;\">\n\t\t\t\t\t\t\t\tYour successful career at Moldindconbank\t\t\t\t\t\t\t<\/h1>\n\t\t\t\t\t\t\t\t\t\t\t\t\t\t\t\t\t\t\t<div class=\"text\" style=\"color: #ffd400;\">\n\t\t\t\t\t\t\t\t<p>We are always there for our employees and customers!<\/p>\n\t\t\t\t\t\t\t<\/div>\n\t\t\t\t\t\t\t\t\t\t\t\t\t\t\t\t\t\t\t<a target=\"_blank\" href=\"https:\/\/micb.md\/functii-vacante\/\" class='button'>\n\t\t\t\t\t\t\t\tVacancies\t\t\t\t\t\t\t<\/a>\n\t\t\t\t\t\t\t\t\t\t\t\t\t\t\t\t\t<\/div>\n\t\t\t\t<\/div>\n\t\t\t<\/div>\n\t\t<\/section>\n\t\n\n<style>\n    :root {\n        --padding_desktop_top_bsd:px;\n        --padding_desktop_bottom_bsd:0px;\n        --padding_mobile_top_bsd:px;\n        --padding_mobile_bottom_bsd:px;\n    }\n\n    .add_settings_bsd {\n                            padding-bottom: var(--padding_desktop_bottom_bsd);\n            }\n\n    @media(max-width: 767px) {\n        .add_settings_bsd {\n                                }\n    }\n<\/style>\n\n            <section class=\"simple-desc-section add_settings_bsd\" style=\"background-color:#f2f6f9;\">\n            <div class=\"wrap\">\n                <div class=\"text long\" style=\"color:#000;\">\n                    <h2 style=\"text-align: center;\"><strong>Why MOLDINDCONBANK?<\/strong><\/h2>\n<p style=\"text-align: center;\">Moldindconbank is a banking institution with a 63-year history and a stable position on the banking market that provides the full range of products and financial services for all types of customers.<\/p>\n<p style=\"text-align: center;\">At Moldindconbank you will have the opportunity to work side by side with real professionals, who maintain the leading position of Moldindconbank in the payment card market, with 38% of the market share for already 5 years in a row. Thanks to the team, we launched the first innovative services on the market of the Republic of Moldova: P2P and P2P by phone, Cash by Code and Cash-In by Code services, the Bancassurance service, the first full contactless ATM and many others.<\/p>\n<p style=\"text-align: center;\">Our team of professionals is the most valuable asset we are proud of, that is why we continuously invest in its development, through:<\/p>\n<p>&nbsp;<\/p>\n                <\/div>\n            <\/div>\n        <\/section>\n    \n\n<style>\n    :root {\n        --padding_desktop_top_bcis:5px;\n        --padding_desktop_bottom_bcis:px;\n        --padding_mobile_top_bcis:px;\n        --padding_mobile_bottom_bcis:px;\n    }\n\n    .add_settings_bcis {\n                    padding-top: var(--padding_desktop_top_bcis);\n                    }\n\n    @media(max-width: 767px) {\n        .add_settings_bcis {\n                                }\n    }\n<\/style>\n            <section class='credit-info-section add_settings_bcis'>\n            <div class=\"wrap\">\n                <div class=\"numbers-info\">\n                                            <div class=\"card\">\n                                                                                        <p>\n                                    Creating opportunities for professional and career development through training programs, emphasizing quality training and a transparent selection process.                                <\/p>\n                                                    <\/div>\n                                            <div class=\"card\">\n                                                                                        <p>\n                                    Attractive rewards and non-salary financial benefits, such as bonuses for exceptional results, sales bonuses, collective bonuses, holiday bonuses and gifts, referral program.                                <\/p>\n                                                    <\/div>\n                                            <div class=\"card\">\n                                                                                        <p>\n                                    Supporting employees in their new beginnings, offering advantageous lending conditions for purchasing housing or other personal needs, compensating some expenses for personal training.                                <\/p>\n                                                    <\/div>\n                                            <div class=\"card\">\n                                                                                        <p>\n                                    Caring for the health and well-being of employees, organizing well-being workshops, compensating expenses for health and sports services, supporting the football and running team.                                 <\/p>\n                                                    <\/div>\n                                    <\/div>\n            <\/div>\n        <\/section>\n    \n\n\n            <section class='career-nav-list'>\n            <div class=\"wrap\">\n                <div class=\"list\">\n                                            <div class=\"item\">\n                            <a href='https:\/\/micb.md\/en\/cariera\/echipa-noastra\/' class=\"img-box\">\n                                <img loading=\"lazy\" decoding=\"async\" width=\"1352\" height=\"528\" src=\"https:\/\/micb.md\/wp-content\/uploads\/2023\/04\/card-de-credit-rus-1-3-e1694764373122.jpg\" class=\"attachment-post-thumbnail size-post-thumbnail wp-post-image\" alt=\"\" \/>                            <\/a>\n                            <div class=\"col\">\n                                <div class=\"content\">\n                                    <h6>\n                                        Our team                                    <\/h6>\n                                                                            <div class=\"text\">\n                                            Employees determine the success of an entity and its degree of competitiveness, first, , and the human resources policy is the key to their identification, motivation and development.                                         <\/div>\n                                                                    <\/div>\n                                <a href=\"https:\/\/micb.md\/en\/cariera\/echipa-noastra\/\">\n                                    Find out more                                    <img decoding=\"async\" src=\"https:\/\/micb.md\/wp-content\/themes\/micb\/images\/svg-icons\/arrow-right.svg\"\n                                    alt=\"arrow-right\">\n                                <\/a>\n                            <\/div>\n                        <\/div>\n                                            <div class=\"item\">\n                            <a href='https:\/\/micb.md\/en\/functii-vacante\/' class=\"img-box\">\n                                <img loading=\"lazy\" decoding=\"async\" width=\"1352\" height=\"528\" src=\"https:\/\/micb.md\/wp-content\/uploads\/2023\/03\/card-de-credit-rus-1-3-e1694763992878.jpg\" class=\"attachment-post-thumbnail size-post-thumbnail wp-post-image\" alt=\"\" \/>                            <\/a>\n                            <div class=\"col\">\n                                <div class=\"content\">\n                                    <h6>\n                                        Vacancies                                    <\/h6>\n                                                                            <div class=\"text\">\n                                            We are always there for our employees and customers!                                        <\/div>\n                                                                    <\/div>\n                                <a href=\"https:\/\/micb.md\/en\/functii-vacante\/\">\n                                    Find out more                                    <img decoding=\"async\" src=\"https:\/\/micb.md\/wp-content\/themes\/micb\/images\/svg-icons\/arrow-right.svg\"\n                                    alt=\"arrow-right\">\n                                <\/a>\n                            <\/div>\n                        <\/div>\n                                            <div class=\"item\">\n                            <a href='https:\/\/micb.md\/en\/training\/' class=\"img-box\">\n                                <img loading=\"lazy\" decoding=\"async\" width=\"1352\" height=\"528\" src=\"https:\/\/micb.md\/wp-content\/uploads\/2023\/03\/card-de-credit-rus-1-1-e1694764040114.png\" class=\"attachment-post-thumbnail size-post-thumbnail wp-post-image\" alt=\"\" \/>                            <\/a>\n                            <div class=\"col\">\n                                <div class=\"content\">\n                                    <h6>\n                                        Training                                    <\/h6>\n                                                                            <div class=\"text\">\n                                            At Moldindconbank you grow professionally through programs dedicated to beginners and professionals.                                        <\/div>\n                                                                    <\/div>\n                                <a href=\"https:\/\/micb.md\/en\/training\/\">\n                                    Find out more                                    <img decoding=\"async\" src=\"https:\/\/micb.md\/wp-content\/themes\/micb\/images\/svg-icons\/arrow-right.svg\"\n                                    alt=\"arrow-right\">\n                                <\/a>\n                            <\/div>\n                        <\/div>\n                                            <div class=\"item\">\n                            <a href='https:\/\/micb.md\/en\/cariera\/beneficii\/' class=\"img-box\">\n                                <img loading=\"lazy\" decoding=\"async\" width=\"1352\" height=\"528\" src=\"https:\/\/micb.md\/wp-content\/uploads\/2023\/03\/card-de-credit-rus-1-1.jpg\" class=\"attachment-post-thumbnail size-post-thumbnail wp-post-image\" alt=\"\" srcset=\"https:\/\/micb.md\/wp-content\/uploads\/2023\/03\/card-de-credit-rus-1-1.jpg 1352w, https:\/\/micb.md\/wp-content\/uploads\/2023\/03\/card-de-credit-rus-1-1-300x117.jpg 300w, https:\/\/micb.md\/wp-content\/uploads\/2023\/03\/card-de-credit-rus-1-1-1024x400.jpg 1024w\" sizes=\"auto, (max-width: 1352px) 100vw, 1352px\" \/>                            <\/a>\n                            <div class=\"col\">\n                                <div class=\"content\">\n                                    <h6>\n                                        Benefits                                    <\/h6>\n                                                                            <div class=\"text\">\n                                            We reward employees for the achieved results.                                         <\/div>\n                                                                    <\/div>\n                                <a href=\"https:\/\/micb.md\/en\/cariera\/beneficii\/\">\n                                    Find out more                                    <img decoding=\"async\" src=\"https:\/\/micb.md\/wp-content\/themes\/micb\/images\/svg-icons\/arrow-right.svg\"\n                                    alt=\"arrow-right\">\n                                <\/a>\n                            <\/div>\n                        <\/div>\n                                            <div class=\"item\">\n                            <a href='https:\/\/micb.md\/en\/internship\/' class=\"img-box\">\n                                <img loading=\"lazy\" decoding=\"async\" width=\"1352\" height=\"528\" src=\"https:\/\/micb.md\/wp-content\/uploads\/2023\/03\/card-de-credit-rus-1-4.jpg\" class=\"attachment-post-thumbnail size-post-thumbnail wp-post-image\" alt=\"\" srcset=\"https:\/\/micb.md\/wp-content\/uploads\/2023\/03\/card-de-credit-rus-1-4.jpg 1352w, https:\/\/micb.md\/wp-content\/uploads\/2023\/03\/card-de-credit-rus-1-4-300x117.jpg 300w, https:\/\/micb.md\/wp-content\/uploads\/2023\/03\/card-de-credit-rus-1-4-1024x400.jpg 1024w\" sizes=\"auto, (max-width: 1352px) 100vw, 1352px\" \/>                            <\/a>\n                            <div class=\"col\">\n                                <div class=\"content\">\n                                    <h6>\n                                        Internship                                    <\/h6>\n                                                                            <div class=\"text\">\n                                            Moldindconbank is a top employer, which undertakes actions of social responsibility and contributes to the development of the community.                                         <\/div>\n                                                                    <\/div>\n                                <a href=\"https:\/\/micb.md\/en\/internship\/\">\n                                    Find out more                                    <img decoding=\"async\" src=\"https:\/\/micb.md\/wp-content\/themes\/micb\/images\/svg-icons\/arrow-right.svg\"\n                                    alt=\"arrow-right\">\n                                <\/a>\n                            <\/div>\n                        <\/div>\n                                            <div class=\"item\">\n                            <a href='https:\/\/micb.md\/en\/tips-tricks\/' class=\"img-box\">\n                                <img loading=\"lazy\" decoding=\"async\" width=\"1352\" height=\"528\" src=\"https:\/\/micb.md\/wp-content\/uploads\/2022\/07\/card-de-credit-rus-1-4.png\" class=\"attachment-post-thumbnail size-post-thumbnail wp-post-image\" alt=\"\" srcset=\"https:\/\/micb.md\/wp-content\/uploads\/2022\/07\/card-de-credit-rus-1-4.png 1352w, https:\/\/micb.md\/wp-content\/uploads\/2022\/07\/card-de-credit-rus-1-4-300x117.png 300w, https:\/\/micb.md\/wp-content\/uploads\/2022\/07\/card-de-credit-rus-1-4-1024x400.png 1024w\" sizes=\"auto, (max-width: 1352px) 100vw, 1352px\" \/>                            <\/a>\n                            <div class=\"col\">\n                                <div class=\"content\">\n                                    <h6>\n                                        Tips &#038; Tricks                                    <\/h6>\n                                                                            <div class=\"text\">\n                                            Here you will find suggestions on how to draw up an attractive CV and to find the appropriate job for you.                                         <\/div>\n                                                                    <\/div>\n                                <a href=\"https:\/\/micb.md\/en\/tips-tricks\/\">\n                                    Find out more                                    <img decoding=\"async\" src=\"https:\/\/micb.md\/wp-content\/themes\/micb\/images\/svg-icons\/arrow-right.svg\"\n                                    alt=\"arrow-right\">\n                                <\/a>\n                            <\/div>\n                        <\/div>\n                                    <\/div>\n            <\/div>\n        <\/section>\n    \n\n\r\n    ","protected":false},"excerpt":{"rendered":"<p>Succesul unei organiza\u0163ii \u015fi gradul de competitivitate al acesteia sunt reflectate \u00een primul r\u00eend de angaja\u0163i, iar politica de resurse umane reprezint\u0103 cheia pentru identificarea, motivarea \u015fi dezvoltarea lor.<\/p>\n","protected":false},"author":29,"featured_media":0,"parent":0,"menu_order":0,"comment_status":"closed","ping_status":"closed","template":"","meta":{"_acf_changed":false,"inline_featured_image":false,"footnotes":""},"class_list":["post-9813","page","type-page","status-publish","hentry"],"yoast_head":"<!-- This site is optimized with the Yoast SEO plugin v25.8 - https:\/\/yoast.com\/wordpress\/plugins\/seo\/ -->\n<title>Career - MICB<\/title>\n<meta name=\"robots\" content=\"index, follow, max-snippet:-1, max-image-preview:large, max-video-preview:-1\" \/>\n<link rel=\"canonical\" href=\"https:\/\/micb.md\/en\/cariera\/\" \/>\n<meta property=\"og:locale\" content=\"en_US\" \/>\n<meta property=\"og:type\" content=\"article\" \/>\n<meta property=\"og:title\" content=\"Career - MICB\" \/>\n<meta property=\"og:description\" content=\"Succesul unei organiza\u0163ii \u015fi gradul de competitivitate al acesteia sunt reflectate \u00een primul r\u00eend de angaja\u0163i, iar politica de resurse umane reprezint\u0103 cheia pentru identificarea, motivarea \u015fi dezvoltarea lor.\" \/>\n<meta property=\"og:url\" content=\"https:\/\/micb.md\/en\/cariera\/\" \/>\n<meta property=\"og:site_name\" content=\"MICB\" \/>\n<meta property=\"article:modified_time\" content=\"2024-03-07T14:06:08+00:00\" \/>\n<meta name=\"twitter:card\" content=\"summary_large_image\" \/>\n<script type=\"application\/ld+json\" class=\"yoast-schema-graph\">{\"@context\":\"https:\/\/schema.org\",\"@graph\":[{\"@type\":\"WebPage\",\"@id\":\"https:\/\/micb.md\/en\/cariera\/\",\"url\":\"https:\/\/micb.md\/en\/cariera\/\",\"name\":\"Career - MICB\",\"isPartOf\":{\"@id\":\"https:\/\/micb.md\/en\/#website\"},\"datePublished\":\"2022-06-07T07:27:42+00:00\",\"dateModified\":\"2024-03-07T14:06:08+00:00\",\"breadcrumb\":{\"@id\":\"https:\/\/micb.md\/en\/cariera\/#breadcrumb\"},\"inLanguage\":\"en-US\",\"potentialAction\":[{\"@type\":\"ReadAction\",\"target\":[\"https:\/\/micb.md\/en\/cariera\/\"]}]},{\"@type\":\"BreadcrumbList\",\"@id\":\"https:\/\/micb.md\/en\/cariera\/#breadcrumb\",\"itemListElement\":[{\"@type\":\"ListItem\",\"position\":1,\"name\":\"Home\",\"item\":\"https:\/\/micb.md\/en\/\"},{\"@type\":\"ListItem\",\"position\":2,\"name\":\"Career\"}]},{\"@type\":\"WebSite\",\"@id\":\"https:\/\/micb.md\/en\/#website\",\"url\":\"https:\/\/micb.md\/en\/\",\"name\":\"MICB\",\"description\":\"Moldinconbank\",\"potentialAction\":[{\"@type\":\"SearchAction\",\"target\":{\"@type\":\"EntryPoint\",\"urlTemplate\":\"https:\/\/micb.md\/en\/?s={search_term_string}\"},\"query-input\":{\"@type\":\"PropertyValueSpecification\",\"valueRequired\":true,\"valueName\":\"search_term_string\"}}],\"inLanguage\":\"en-US\"}]}<\/script>\n<!-- \/ Yoast SEO plugin. -->","yoast_head_json":{"title":"Career - MICB","robots":{"index":"index","follow":"follow","max-snippet":"max-snippet:-1","max-image-preview":"max-image-preview:large","max-video-preview":"max-video-preview:-1"},"canonical":"https:\/\/micb.md\/en\/cariera\/","og_locale":"en_US","og_type":"article","og_title":"Career - MICB","og_description":"Succesul unei organiza\u0163ii \u015fi gradul de competitivitate al acesteia sunt reflectate \u00een primul r\u00eend de angaja\u0163i, iar politica de resurse umane reprezint\u0103 cheia pentru identificarea, motivarea \u015fi dezvoltarea lor.","og_url":"https:\/\/micb.md\/en\/cariera\/","og_site_name":"MICB","article_modified_time":"2024-03-07T14:06:08+00:00","twitter_card":"summary_large_image","schema":{"@context":"https:\/\/schema.org","@graph":[{"@type":"WebPage","@id":"https:\/\/micb.md\/en\/cariera\/","url":"https:\/\/micb.md\/en\/cariera\/","name":"Career - MICB","isPartOf":{"@id":"https:\/\/micb.md\/en\/#website"},"datePublished":"2022-06-07T07:27:42+00:00","dateModified":"2024-03-07T14:06:08+00:00","breadcrumb":{"@id":"https:\/\/micb.md\/en\/cariera\/#breadcrumb"},"inLanguage":"en-US","potentialAction":[{"@type":"ReadAction","target":["https:\/\/micb.md\/en\/cariera\/"]}]},{"@type":"BreadcrumbList","@id":"https:\/\/micb.md\/en\/cariera\/#breadcrumb","itemListElement":[{"@type":"ListItem","position":1,"name":"Home","item":"https:\/\/micb.md\/en\/"},{"@type":"ListItem","position":2,"name":"Career"}]},{"@type":"WebSite","@id":"https:\/\/micb.md\/en\/#website","url":"https:\/\/micb.md\/en\/","name":"MICB","description":"Moldinconbank","potentialAction":[{"@type":"SearchAction","target":{"@type":"EntryPoint","urlTemplate":"https:\/\/micb.md\/en\/?s={search_term_string}"},"query-input":{"@type":"PropertyValueSpecification","valueRequired":true,"valueName":"search_term_string"}}],"inLanguage":"en-US"}]}},"acf":[],"_links":{"self":[{"href":"https:\/\/micb.md\/en\/wp-json\/wp\/v2\/pages\/9813","targetHints":{"allow":["GET"]}}],"collection":[{"href":"https:\/\/micb.md\/en\/wp-json\/wp\/v2\/pages"}],"about":[{"href":"https:\/\/micb.md\/en\/wp-json\/wp\/v2\/types\/page"}],"author":[{"embeddable":true,"href":"https:\/\/micb.md\/en\/wp-json\/wp\/v2\/users\/29"}],"replies":[{"embeddable":true,"href":"https:\/\/micb.md\/en\/wp-json\/wp\/v2\/comments?post=9813"}],"version-history":[{"count":33,"href":"https:\/\/micb.md\/en\/wp-json\/wp\/v2\/pages\/9813\/revisions"}],"predecessor-version":[{"id":29296,"href":"https:\/\/micb.md\/en\/wp-json\/wp\/v2\/pages\/9813\/revisions\/29296"}],"wp:attachment":[{"href":"https:\/\/micb.md\/en\/wp-json\/wp\/v2\/media?parent=9813"}],"curies":[{"name":"wp","href":"https:\/\/api.w.org\/{rel}","templated":true}]}}