{"id":57506,"date":"2025-07-14T06:14:44","date_gmt":"2025-07-14T06:14:44","guid":{"rendered":"https:\/\/micb.md\/?page_id=57506"},"modified":"2025-10-06T18:49:33","modified_gmt":"2025-10-06T18:49:33","slug":"alege-filtre-in-loc-de-plastic","status":"publish","type":"page","link":"https:\/\/micb.md\/en\/alege-filtre-in-loc-de-plastic\/","title":{"rendered":"Concurs pentru gr\u0103dini\u021bele din \u021bar\u0103"},"content":{"rendered":"\n\t\t\t<section class='hero-services'>\n\t\t\t\t\t\t\t<div class=\"wrap\">\n\t\t\t\t\t<div class=\"breadcrumbs\"><span><span><a href=\"https:\/\/micb.md\/en\/\">Home<\/a><\/span><\/span><\/div>\t\t\t\t<\/div>\n\t\t\t\t\t\t<div class=\"wrap2\">\n\t\t\t\t<div class=\"box\">\n\t\t\t\t\t\t\t\t\t\t\t<img loading=\"lazy\" decoding=\"async\" width=\"1352\" height=\"528\" src=\"https:\/\/micb.md\/wp-content\/uploads\/2025\/07\/fara-filtre.png\" class=\"desk-img\" alt=\"\" srcset=\"https:\/\/micb.md\/wp-content\/uploads\/2025\/07\/fara-filtre.png 1352w, https:\/\/micb.md\/wp-content\/uploads\/2025\/07\/fara-filtre-300x117.png 300w, https:\/\/micb.md\/wp-content\/uploads\/2025\/07\/fara-filtre-1024x400.png 1024w\" sizes=\"auto, (max-width: 1352px) 100vw, 1352px\" \/>\t\t\t\t\t\t\t\t\t\t<div class=\"content\">\n\t\t\t\t\t\t\t\t\t\t\t\t\t<h1 style=\"color: #fff;\">\n\t\t\t\t\t\t\t\tCampania &#8220;Alege filtre \u00een loc de plastic&#8221;\t\t\t\t\t\t\t<\/h1>\n\t\t\t\t\t\t\t\t\t\t\t\t\t\t\t\t\t\t\t<div class=\"text\" style=\"color: #fff;\">\n\t\t\t\t\t\t\t\t<p>&nbsp;<\/p>\n<p>Concurs pentru gr\u0103dini\u021bele din \u021bar\u0103<\/p>\n<p>&nbsp;<\/p>\n<p><strong>Perioada campaniei:<\/strong> 14 iulie &#8211; 15 septembrie 2025<\/p>\n<p>&nbsp;<\/p>\n<p><strong>Organizator:<\/strong> Moldindconbank, \u00een parteneriat cu ULTRA<\/p>\n\t\t\t\t\t\t\t<\/div>\n\t\t\t\t\t\t\t\t\t\t\t\t\t\t\t\t\t\t\t<a target=\"_blank\" href=\"https:\/\/docs.google.com\/forms\/d\/e\/1FAIpQLSdjbgAsKOWYyuplyhBqY9YzphHkqhdYpaJkP5hCqldZpn6YLg\/viewform?usp=header\" class='button'>\n\t\t\t\t\t\t\t\t\u00cenregistrare\t\t\t\t\t\t\t<\/a>\n\t\t\t\t\t\t\t\t\t\t\t\t\t\t\t\t\t<\/div>\n\t\t\t\t<\/div>\n\t\t\t<\/div>\n\t\t<\/section>\n\t\n\n<style>\n    :root {\n        --padding_desktop_top_bcc:px;\n        --padding_desktop_bottom_bcc:px;\n        --padding_mobile_top_bcc:px;\n        --padding_mobile_bottom_bcc:px;\n    }\n\n    .add_settings_bcc {\n                    }\n\n    @media(max-width: 767px) {\n        .add_settings_bcc {\n                                }\n    }\n<\/style>\n\n            <section class='cards-with-checklist-section add_settings_bcc'>\n            <div class=\"wrap\">\n                                    <h3 class='section-title'>\n                        Premiile campaniei                    <\/h3>\n                                <div class=\"list\">\n                                            <div class=\"card\">\n                                                            <h6>\n                                    Locul I                                <\/h6>\n                                                                                                                            <div class=\"item\">\n                                        Instalare complet\u0103 a unui sistem de filtrare \u00een gr\u0103dini\u021ba c\u00e2\u0219tig\u0103toare, montarea de robinete \u00een fiecare grup\u0103 \u0219i deservirea gratuit\u0103 a sistemului timp de un an.                                    <\/div>\n                                                                                    <\/div>\n                                            <div class=\"card\">\n                                                            <h6>\n                                    Locul II                                <\/h6>\n                                                                                                                            <div class=\"item\">\n                                        Un filtru de ap\u0103, profesional.                                    <\/div>\n                                                                                    <\/div>\n                                            <div class=\"card\">\n                                                            <h6>\n                                    Locul III                                <\/h6>\n                                                                                                                            <div class=\"item\">\n                                        Un filtru de ap\u0103, profesional.                                    <\/div>\n                                                                                    <\/div>\n                                    <\/div>\n            <\/div>\n        <\/section>\n    \n\n<style>\n    :root {\n        --padding_desktop_top_iti:px;\n        --padding_desktop_bottom_iti:px;\n        --padding_mobile_top_iti:px;\n        --padding_mobile_bottom_iti: px;\n    }\n\n    .add_settings_iti {\n                    }\n\n    @media(max-width: 767px) {\n        .add_settings_iti {\n                                }\n    }\n<\/style>\n\n    \n\n\n            <section class='eligibility-requirements' id=\"requirements\">\n            <div class=\"wrap\">\n                                    <h3>Obiectivele campaniei:<\/h3>\n                                <div class=\"list\">\n                                            <div class=\"card\" >\n                            <div class=\"icon-box\">\n                                <img loading=\"lazy\" decoding=\"async\" width=\"1\" height=\"1\" src=\"https:\/\/micb.md\/wp-content\/uploads\/2025\/07\/4.-implicare.svg\" class=\"attachment-full size-full\" alt=\"\" \/>                            <\/div>\n                            <p><b>Comunitare<\/b><br>Implicarea institu\u021biilor <br\/>educa\u021bionale<\/p>\n                        <\/div>\n                                            <div class=\"card\" >\n                            <div class=\"icon-box\">\n                                <img loading=\"lazy\" decoding=\"async\" width=\"1\" height=\"1\" src=\"https:\/\/micb.md\/wp-content\/uploads\/2025\/07\/5.-ecologie.svg\" class=\"attachment-full size-full\" alt=\"\" \/>                            <\/div>\n                            <p><b>Ecologice<\/b><br>Reducerea utiliz\u0103rii sticlelor din plastic<\/p>\n                        <\/div>\n                                            <div class=\"card\" >\n                            <div class=\"icon-box\">\n                                <img loading=\"lazy\" decoding=\"async\" width=\"1\" height=\"1\" src=\"https:\/\/micb.md\/wp-content\/uploads\/2025\/07\/6.-educatie.svg\" class=\"attachment-full size-full\" alt=\"\" \/>                            <\/div>\n                            <p><b>Educa\u021bionale<\/b><br>Promovarea consumului de ap\u0103 filtrat\u0103<\/p>\n                        <\/div>\n                                    <\/div>\n                            <\/div>\n        <\/section>\n    \n\n<style>\n    :root {\n        --padding_desktop_top_btit:px;\n        --padding_desktop_bottom_btit:-100px;\n        --padding_mobile_top_btit:px;\n        --padding_mobile_bottom_btit:px;\n    }\n\n    .add_settings_btit {\n                            padding-bottom: var(--padding_desktop_bottom_btit);\n            }\n\n    @media(max-width: 767px) {\n        .add_settings_btit {\n                                }\n    }\n<\/style>\n\n            <section class='page-title add_settings_btit' style=\"background-color: #f2f6f9; \">\n            <div class=\"wrap\">\n                \n                                                                                        <div class=\"desc\">\n                        <h3><\/h3>\n<h3>Cum particip\u0103 gr\u0103dini\u021bele?<\/h3>\n                    <\/div>\n                            <\/div>\n        <\/section>\n    \n\n<style>\n    :root {\n        --padding_desktop_top_iti:px;\n        --padding_desktop_bottom_iti:px;\n        --padding_mobile_top_iti:px;\n        --padding_mobile_bottom_iti: px;\n    }\n\n    .add_settings_iti {\n                    }\n\n    @media(max-width: 767px) {\n        .add_settings_iti {\n                                }\n    }\n<\/style>\n\n            <section class='advantages-section add_settings_iti'>\n            <div class=\"wrap two-cards \">\n                                    <div class=\"card\">\n                        <div class=\"card-header\">\n                                                                                        <h5>\n                                    Completarea formularului online                                 <\/h5>\n                                                    <\/div>\n                                                    <div class=\"text\">\n                                <p style=\"text-align: justify;\">Acceseaz\u0103 formularul <a href=\"https:\/\/docs.google.com\/forms\/d\/e\/1FAIpQLSdjbgAsKOWYyuplyhBqY9YzphHkqhdYpaJkP5hCqldZpn6YLg\/viewform?usp=header\"><b><u>AICI<\/u><\/b><\/a>.<br \/>\nGr\u0103dini\u021bele vor furniza informa\u021bii despre institu\u021bie, date de contact \u0219i o scurt\u0103 descriere a ini\u021biativelor legate de mediu, reciclare sau consum responsabil (max. 500 caractere).<\/p>\n                            <\/div>\n                                            <\/div>\n                                    <div class=\"card\">\n                        <div class=\"card-header\">\n                                                                                        <h5>\n                                    Realizarea \u0219i trimiterea materialului                                <\/h5>\n                                                    <\/div>\n                                                    <div class=\"text\">\n                                <p style=\"text-align: justify;\">Fiecare gr\u0103dini\u021b\u0103 va trimite un material creativ realizat \u00eempreun\u0103 cu copiii, pe tema <b>\u201eDe ce este important\u0103 apa curat\u0103 pentru copii?\u201d<\/b> Materialele pot fi sub form\u0103 de desen colectiv, colaj, fotografie creativ\u0103, scurt video sau poster digital realizat cu implicarea copiilor.<\/p>\n<p><strong>Aten\u021bie! Durata maxim\u0103 a video-ului trebuie s\u0103 fie de 30 secunde. Indica\u021bi denumirea gr\u0103dini\u021bei la \u00eenceput de video.<\/strong><\/p>\n                            <\/div>\n                                            <\/div>\n                            <\/div>\n        <\/section>\n    \n\n<style>\n    :root {\n        --padding_desktop_top_bch:px;\n        --padding_desktop_bottom_bch:-50px;\n        --padding_mobile_top_bch:px;\n        --padding_mobile_bottom_bch:px;\n    }\n\n    .add_settings_bch {\n                            padding-bottom: var(--padding_desktop_bottom_bch);\n            }\n\n    @media(max-width: 767px) {\n        .add_settings_bch {\n                                }\n    }\n<\/style>\n            <section class='check-list-section add_settings_bch'>\n            <div class=\"wrap\">\n                                    <h3>\n                        Reguli generale de \u00eenscriere                    <\/h3>\n                                <div class=\"list\">\n                                            <div class=\"item\">\n                            <p><strong>O singur\u0103 \u00eenscriere<\/strong><\/p>\n<p>Fiecare gr\u0103dini\u021b\u0103 poate trimite o singur\u0103 \u00eenscriere \u00een cadrul campaniei.<\/p>\n                        <\/div>\n                                            <div class=\"item\">\n                            <p><strong>Participare gratuit\u0103<\/strong><\/p>\n<p>Nu exist\u0103 taxe de \u00eenscriere sau participare la aceast\u0103 campanie.<\/p>\n                        <\/div>\n                                            <div class=\"item\">\n                            <p><strong>Materiale originale<\/strong><\/p>\n<p>Toate materialele trebuie s\u0103 fie originale \u0219i realizate \u00eempreun\u0103 cu copiii.<\/p>\n                        <\/div>\n                                            <div class=\"item\">\n                            <p><strong>Confirmare<\/strong><\/p>\n<p>Participan\u021bii vor primi un email de confirmare dup\u0103 trimiterea formularului.<\/p>\n                        <\/div>\n                                    <\/div>\n            <\/div>\n        <\/section>\n    \n\n<style>\n    :root {\n        --padding_desktop_top_bch:px;\n        --padding_desktop_bottom_bch:px;\n        --padding_mobile_top_bch:px;\n        --padding_mobile_bottom_bch:px;\n    }\n\n    .add_settings_bch {\n                    }\n\n    @media(max-width: 767px) {\n        .add_settings_bch {\n                                }\n    }\n<\/style>\n            <section class='check-list-section add_settings_bch'>\n            <div class=\"wrap\">\n                                    <h3>\n                        Etapa de selec\u021bie                    <\/h3>\n                                <div class=\"list\">\n                                            <div class=\"item\">\n                            <p><strong>Perioada: <\/strong>16 august \u2013 8 septembrie 2025<\/p>\n                        <\/div>\n                                            <div class=\"item\">\n                            <p><strong>Num\u0103r finali\u0219ti: <\/strong>10 gr\u0103dini\u021be<\/p>\n                        <\/div>\n                                            <div class=\"item\">\n                            <p><strong>Criterii de evaluare<\/strong><\/p>\n<ul>\n<li>Relevan\u021ba mesajului<\/li>\n<li>Creativitatea<\/li>\n<li>Participarea colectiv\u0103 (copii + educatori)<\/li>\n<\/ul>\n                        <\/div>\n                                            <div class=\"item\">\n                            <p style=\"text-align: justify;\"><strong>Juriu<\/strong><\/p>\n<p style=\"text-align: justify;\">Reprezentan\u021bi ai Moldindconbank \u0219i speciali\u0219ti \u00een domeniul ecologiei \u0219i educa\u021biei, partenerii de la Ultra.<\/p>\n<p style=\"text-align: justify;\">\n                        <\/div>\n                                    <\/div>\n            <\/div>\n        <\/section>\n    \n\n<style>\n    :root {\n        --padding_desktop_top_btit:px;\n        --padding_desktop_bottom_btit:px;\n        --padding_mobile_top_btit:px;\n        --padding_mobile_bottom_btit:px;\n    }\n\n    .add_settings_btit {\n                    }\n\n    @media(max-width: 767px) {\n        .add_settings_btit {\n                                }\n    }\n<\/style>\n\n            <section class='page-title add_settings_btit' style=\"background-color: #ffffff; \">\n            <div class=\"wrap\">\n                \n                                                                                        <div class=\"desc\">\n                        <p>Juriul va analiza toate materialele primite \u0219i va selecta cele mai bune 10 proiecte care vor intra \u00een etapa final\u0103 a competi\u021biei.<\/p>\n                    <\/div>\n                            <\/div>\n        <\/section>\n    \n\n\n            <section class='eligibility-requirements' id=\"requirements\">\n            <div class=\"wrap\">\n                                    <h3>Etapa de vot public online<\/h3>\n                                <div class=\"list\">\n                                            <div class=\"card\" >\n                            <div class=\"icon-box\">\n                                <img loading=\"lazy\" decoding=\"async\" width=\"1\" height=\"1\" src=\"https:\/\/micb.md\/wp-content\/uploads\/2025\/07\/1.-publicare.svg\" class=\"attachment-full size-full\" alt=\"\" \/>                            <\/div>\n                            <p><b>Publicare proiecte<\/b><br>Cele 10 proiecte finaliste vor fi postate pe social media<\/p>\n                        <\/div>\n                                            <div class=\"card\" >\n                            <div class=\"icon-box\">\n                                <img loading=\"lazy\" decoding=\"async\" width=\"1\" height=\"1\" src=\"https:\/\/micb.md\/wp-content\/uploads\/2025\/07\/2.-votare.svg\" class=\"attachment-full size-full\" alt=\"\" \/>                            <\/div>\n                            <p><b>Votare<\/b><br>Publicul voteaz\u0103 prin reac\u021bii\/comentarii<\/p>\n                        <\/div>\n                                            <div class=\"card\" >\n                            <div class=\"icon-box\">\n                                <img loading=\"lazy\" decoding=\"async\" width=\"1\" height=\"1\" src=\"https:\/\/micb.md\/wp-content\/uploads\/2025\/07\/3.-calculare.svg\" class=\"attachment-full size-full\" alt=\"\" \/>                            <\/div>\n                            <p><b>Calculare scor final<\/b><br>70% juriu + 30% vot public<\/p>\n                        <\/div>\n                                    <\/div>\n                            <\/div>\n        <\/section>\n    \n\n<style>\n    :root {\n        --padding_desktop_top_bsd:-100px;\n        --padding_desktop_bottom_bsd:-100px;\n        --padding_mobile_top_bsd:px;\n        --padding_mobile_bottom_bsd:px;\n    }\n\n    .add_settings_bsd {\n                    padding-top: var(--padding_desktop_top_bsd);\n                            padding-bottom: var(--padding_desktop_bottom_bsd);\n            }\n\n    @media(max-width: 767px) {\n        .add_settings_bsd {\n                                }\n    }\n<\/style>\n\n            <section class=\"simple-desc-section add_settings_bsd\" style=\"background-color:#ffffff;\">\n            <div class=\"wrap\">\n                <div class=\"text long\" style=\"color:#000;\">\n                    <p style=\"text-align: justify;\">*\u00cen perioada 8 \u2013 14 septembrie 2025, ora 22:00, publicul va avea posibilitatea s\u0103 voteze proiectele favorite pe pagina de <a href=\"https:\/\/www.facebook.com\/Moldindconbank\">Facebook<\/a> a Moldindconbank.<\/p>\n                <\/div>\n            <\/div>\n        <\/section>\n    ","protected":false},"excerpt":{"rendered":"","protected":false},"author":29,"featured_media":0,"parent":0,"menu_order":0,"comment_status":"closed","ping_status":"closed","template":"","meta":{"_acf_changed":false,"inline_featured_image":false,"footnotes":""},"class_list":["post-57506","page","type-page","status-publish","hentry"],"yoast_head":"<!-- This site is optimized with the Yoast SEO plugin v25.8 - https:\/\/yoast.com\/wordpress\/plugins\/seo\/ -->\n<title>Concurs pentru gr\u0103dini\u021bele din \u021bar\u0103 - MICB<\/title>\n<meta name=\"robots\" content=\"index, follow, max-snippet:-1, max-image-preview:large, max-video-preview:-1\" \/>\n<link rel=\"canonical\" href=\"https:\/\/micb.md\/en\/alege-filtre-in-loc-de-plastic\/\" \/>\n<meta property=\"og:locale\" content=\"en_US\" \/>\n<meta property=\"og:type\" content=\"article\" \/>\n<meta property=\"og:title\" content=\"Concurs pentru gr\u0103dini\u021bele din \u021bar\u0103 - MICB\" \/>\n<meta property=\"og:url\" content=\"https:\/\/micb.md\/en\/alege-filtre-in-loc-de-plastic\/\" \/>\n<meta property=\"og:site_name\" content=\"MICB\" \/>\n<meta property=\"article:modified_time\" content=\"2025-10-06T18:49:33+00:00\" \/>\n<meta name=\"twitter:card\" content=\"summary_large_image\" \/>\n<script type=\"application\/ld+json\" class=\"yoast-schema-graph\">{\"@context\":\"https:\/\/schema.org\",\"@graph\":[{\"@type\":\"WebPage\",\"@id\":\"https:\/\/micb.md\/en\/alege-filtre-in-loc-de-plastic\/\",\"url\":\"https:\/\/micb.md\/en\/alege-filtre-in-loc-de-plastic\/\",\"name\":\"Concurs pentru gr\u0103dini\u021bele din \u021bar\u0103 - MICB\",\"isPartOf\":{\"@id\":\"https:\/\/micb.md\/en\/#website\"},\"datePublished\":\"2025-07-14T06:14:44+00:00\",\"dateModified\":\"2025-10-06T18:49:33+00:00\",\"breadcrumb\":{\"@id\":\"https:\/\/micb.md\/en\/alege-filtre-in-loc-de-plastic\/#breadcrumb\"},\"inLanguage\":\"en-US\",\"potentialAction\":[{\"@type\":\"ReadAction\",\"target\":[\"https:\/\/micb.md\/en\/alege-filtre-in-loc-de-plastic\/\"]}]},{\"@type\":\"BreadcrumbList\",\"@id\":\"https:\/\/micb.md\/en\/alege-filtre-in-loc-de-plastic\/#breadcrumb\",\"itemListElement\":[{\"@type\":\"ListItem\",\"position\":1,\"name\":\"Home\",\"item\":\"https:\/\/micb.md\/en\/\"},{\"@type\":\"ListItem\",\"position\":2,\"name\":\"Concurs pentru gr\u0103dini\u021bele din \u021bar\u0103\"}]},{\"@type\":\"WebSite\",\"@id\":\"https:\/\/micb.md\/en\/#website\",\"url\":\"https:\/\/micb.md\/en\/\",\"name\":\"MICB\",\"description\":\"Moldinconbank\",\"potentialAction\":[{\"@type\":\"SearchAction\",\"target\":{\"@type\":\"EntryPoint\",\"urlTemplate\":\"https:\/\/micb.md\/en\/?s={search_term_string}\"},\"query-input\":{\"@type\":\"PropertyValueSpecification\",\"valueRequired\":true,\"valueName\":\"search_term_string\"}}],\"inLanguage\":\"en-US\"}]}<\/script>\n<!-- \/ Yoast SEO plugin. -->","yoast_head_json":{"title":"Concurs pentru gr\u0103dini\u021bele din \u021bar\u0103 - MICB","robots":{"index":"index","follow":"follow","max-snippet":"max-snippet:-1","max-image-preview":"max-image-preview:large","max-video-preview":"max-video-preview:-1"},"canonical":"https:\/\/micb.md\/en\/alege-filtre-in-loc-de-plastic\/","og_locale":"en_US","og_type":"article","og_title":"Concurs pentru gr\u0103dini\u021bele din \u021bar\u0103 - MICB","og_url":"https:\/\/micb.md\/en\/alege-filtre-in-loc-de-plastic\/","og_site_name":"MICB","article_modified_time":"2025-10-06T18:49:33+00:00","twitter_card":"summary_large_image","schema":{"@context":"https:\/\/schema.org","@graph":[{"@type":"WebPage","@id":"https:\/\/micb.md\/en\/alege-filtre-in-loc-de-plastic\/","url":"https:\/\/micb.md\/en\/alege-filtre-in-loc-de-plastic\/","name":"Concurs pentru gr\u0103dini\u021bele din \u021bar\u0103 - MICB","isPartOf":{"@id":"https:\/\/micb.md\/en\/#website"},"datePublished":"2025-07-14T06:14:44+00:00","dateModified":"2025-10-06T18:49:33+00:00","breadcrumb":{"@id":"https:\/\/micb.md\/en\/alege-filtre-in-loc-de-plastic\/#breadcrumb"},"inLanguage":"en-US","potentialAction":[{"@type":"ReadAction","target":["https:\/\/micb.md\/en\/alege-filtre-in-loc-de-plastic\/"]}]},{"@type":"BreadcrumbList","@id":"https:\/\/micb.md\/en\/alege-filtre-in-loc-de-plastic\/#breadcrumb","itemListElement":[{"@type":"ListItem","position":1,"name":"Home","item":"https:\/\/micb.md\/en\/"},{"@type":"ListItem","position":2,"name":"Concurs pentru gr\u0103dini\u021bele din \u021bar\u0103"}]},{"@type":"WebSite","@id":"https:\/\/micb.md\/en\/#website","url":"https:\/\/micb.md\/en\/","name":"MICB","description":"Moldinconbank","potentialAction":[{"@type":"SearchAction","target":{"@type":"EntryPoint","urlTemplate":"https:\/\/micb.md\/en\/?s={search_term_string}"},"query-input":{"@type":"PropertyValueSpecification","valueRequired":true,"valueName":"search_term_string"}}],"inLanguage":"en-US"}]}},"acf":[],"_links":{"self":[{"href":"https:\/\/micb.md\/en\/wp-json\/wp\/v2\/pages\/57506","targetHints":{"allow":["GET"]}}],"collection":[{"href":"https:\/\/micb.md\/en\/wp-json\/wp\/v2\/pages"}],"about":[{"href":"https:\/\/micb.md\/en\/wp-json\/wp\/v2\/types\/page"}],"author":[{"embeddable":true,"href":"https:\/\/micb.md\/en\/wp-json\/wp\/v2\/users\/29"}],"replies":[{"embeddable":true,"href":"https:\/\/micb.md\/en\/wp-json\/wp\/v2\/comments?post=57506"}],"version-history":[{"count":135,"href":"https:\/\/micb.md\/en\/wp-json\/wp\/v2\/pages\/57506\/revisions"}],"predecessor-version":[{"id":59635,"href":"https:\/\/micb.md\/en\/wp-json\/wp\/v2\/pages\/57506\/revisions\/59635"}],"wp:attachment":[{"href":"https:\/\/micb.md\/en\/wp-json\/wp\/v2\/media?parent=57506"}],"curies":[{"name":"wp","href":"https:\/\/api.w.org\/{rel}","templated":true}]}}