{"id":57215,"date":"2025-05-29T08:51:29","date_gmt":"2025-05-29T08:51:29","guid":{"rendered":"https:\/\/micb.md\/proiecte-salariale\/"},"modified":"2025-10-06T12:51:09","modified_gmt":"2025-10-06T12:51:09","slug":"proiecte-salariale","status":"publish","type":"page","link":"https:\/\/micb.md\/en\/proiecte-salariale\/","title":{"rendered":"Salary projects"},"content":{"rendered":"\n\t\t\t<section class='catalog-inner-page-hero-section'>\n            \t\t\t\t<div class=\"wrap\">\n\t\t\t\t\t<div class=\"breadcrumbs\"><span><span><a href=\"https:\/\/micb.md\/en\/\">Home<\/a><\/span>  <span><a href=\"https:\/\/micb.md\/en\/persoane-juridice\/\">Corporate banking<\/a><\/span><\/span><\/div>\t\t\t\t<\/div>\n\t\t\t            <div class=\"wrap2\">\n                <div class=\"box\">\n                    \t\t\t\t\t\t<img loading=\"lazy\" decoding=\"async\" width=\"1352\" height=\"528\" src=\"https:\/\/micb.md\/wp-content\/uploads\/2025\/05\/proiecte-salariale-v2-1.png\" class=\"desk-img\" alt=\"\" srcset=\"https:\/\/micb.md\/wp-content\/uploads\/2025\/05\/proiecte-salariale-v2-1.png 1352w, https:\/\/micb.md\/wp-content\/uploads\/2025\/05\/proiecte-salariale-v2-1-300x117.png 300w, https:\/\/micb.md\/wp-content\/uploads\/2025\/05\/proiecte-salariale-v2-1-1024x400.png 1024w\" sizes=\"auto, (max-width: 1352px) 100vw, 1352px\" \/>\t\t\t\t\t                    <div class=\"content\">\n                        \t\t\t\t\t\t\t<h1 style=\"color: #fff;\">\n\t\t\t\t\t\t\t\tSalary projects\t\t\t\t\t\t\t<\/h1>\n\t\t\t\t\t\t                                                    <div class=\"subtitle\">\n                                <p>A simple and secure way to manage payroll with special benefits<\/p>\n<p>for employees and businesses.<\/p>\n                            <\/div>\n                                                                            <div class=\"list\">\n                                                                    <div class=\"item\">\n                                                                                    <span>\n                                                Card issuance and <br\/>administration                                            <\/span>\n                                                                                                                            <p>\n                                                free of charge                                            <\/p>\n                                                                            <\/div>\n                                                                    <div class=\"item\">\n                                                                                    <span>\n                                                Salary transfer                                            <\/span>\n                                                                                                                            <p>\n                                                0 \u2013 0,5%                                            <\/p>\n                                                                            <\/div>\n                                                                    <div class=\"item\">\n                                                                                    <span>\n                                                Transfer processing                                            <\/span>\n                                                                                                                            <p>\n                                                1 hour                                            <\/p>\n                                                                            <\/div>\n                                                            <\/div>\n                                                <div class=\"content-footer\">\n                                                            <a href=\"#contact_tab\" class='button'>\n                                    Request an offer                                <\/a>\n                                                    <\/div>\n                    <\/div>\n                <\/div>\n            <\/div>\n        <\/section>\n\t\n\n\n            <section class='eligibility-requirements' id=\"requirements\">\n            <div class=\"wrap\">\n                                    <h3>Main advantages:<\/h3>\n                                <div class=\"list\">\n                                            <div class=\"card\" >\n                            <div class=\"icon-box\">\n                                <img loading=\"lazy\" decoding=\"async\" width=\"1\" height=\"1\" src=\"https:\/\/micb.md\/wp-content\/uploads\/2025\/05\/1.-automatizare.svg\" class=\"attachment-full size-full\" alt=\"\" \/>                            <\/div>\n                            <p>Automation and safety<\/p>\n                        <\/div>\n                                            <div class=\"card\" >\n                            <div class=\"icon-box\">\n                                <img loading=\"lazy\" decoding=\"async\" width=\"1\" height=\"1\" src=\"https:\/\/micb.md\/wp-content\/uploads\/2025\/05\/2.-reducere-costuri.svg\" class=\"attachment-full size-full\" alt=\"\" \/>                            <\/div>\n                            <p>Cost savings<\/p>\n                        <\/div>\n                                            <div class=\"card\" >\n                            <div class=\"icon-box\">\n                                <img loading=\"lazy\" decoding=\"async\" width=\"1\" height=\"1\" src=\"https:\/\/micb.md\/wp-content\/uploads\/2025\/05\/3.-viteza.svg\" class=\"attachment-full size-full\" alt=\"\" \/>                            <\/div>\n                            <p>Speed and simplicity in payroll<\/p>\n                        <\/div>\n                                            <div class=\"card\" >\n                            <div class=\"icon-box\">\n                                <img loading=\"lazy\" decoding=\"async\" width=\"1\" height=\"1\" src=\"https:\/\/micb.md\/wp-content\/uploads\/2025\/05\/4.-control-centralizat.svg\" class=\"attachment-full size-full\" alt=\"\" \/>                            <\/div>\n                            <p>Centralized control<\/p>\n                        <\/div>\n                                            <div class=\"card\" >\n                            <div class=\"icon-box\">\n                                <img loading=\"lazy\" decoding=\"async\" width=\"1\" height=\"1\" src=\"https:\/\/micb.md\/wp-content\/uploads\/2025\/05\/5.-confidentialitate-garantata.svg\" class=\"attachment-full size-full\" alt=\"\" \/>                            <\/div>\n                            <p>Guaranteed confidentiality<\/p>\n                        <\/div>\n                                            <div class=\"card\" >\n                            <div class=\"icon-box\">\n                                <img loading=\"lazy\" decoding=\"async\" width=\"1\" height=\"1\" src=\"https:\/\/micb.md\/wp-content\/uploads\/2025\/07\/6.-bifa.svg\" class=\"attachment-full size-full\" alt=\"\" \/>                            <\/div>\n                            <p>Reduced risks<\/p>\n                        <\/div>\n                                    <\/div>\n                            <\/div>\n        <\/section>\n    \n\n<style>\n    :root {\n        --padding_desktop_top_bch:-100px;\n        --padding_desktop_bottom_bch:px;\n        --padding_mobile_top_bch:px;\n        --padding_mobile_bottom_bch:px;\n    }\n\n    .add_settings_bch {\n                    padding-top: var(--padding_desktop_top_bch);\n                    }\n\n    @media(max-width: 767px) {\n        .add_settings_bch {\n                                }\n    }\n<\/style>\n            <section class='check-list-section add_settings_bch'>\n            <div class=\"wrap\">\n                                    <h3>\n                        Benefits for businesses:                     <\/h3>\n                                <div class=\"list\">\n                                            <div class=\"item\">\n                            <p><strong>Efficiency and security<\/strong><\/p>\n<p>Automate accounting and cashiering tasks, reducing manual labor and protecting staff.<\/p>\n                        <\/div>\n                                            <div class=\"item\">\n                            <p><strong>Zero cash, reduced cost and risk<\/strong><\/p>\n<p>Eliminate the expense of transporting and handling banknotes, minimizing fraud and losses.<\/p>\n                        <\/div>\n                                            <div class=\"item\">\n                            <p><strong>Fast payroll<\/strong><\/p>\n<p>Simplify and speed up the payroll process, saving time and resources.<\/p>\n                        <\/div>\n                                            <div class=\"item\">\n                            <p><strong>Full confidentiality<\/strong><\/p>\n<p>Protect sensitive company and employee information with discreet and secure transactions.<\/p>\n                        <\/div>\n                                    <\/div>\n            <\/div>\n        <\/section>\n    \n\n<style>\n    :root {\n        --padding_desktop_top_bcc:px;\n        --padding_desktop_bottom_bcc:px;\n        --padding_mobile_top_bcc:px;\n        --padding_mobile_bottom_bcc:px;\n    }\n\n    .add_settings_bcc {\n                    }\n\n    @media(max-width: 767px) {\n        .add_settings_bcc {\n                                }\n    }\n<\/style>\n\n            <section class='cards-with-checklist-section add_settings_bcc'>\n            <div class=\"wrap\">\n                                    <h3 class='section-title'>\n                        Benefits for employees:                     <\/h3>\n                                <div class=\"list\">\n                                            <div class=\"card\">\n                                                            <h6>\n                                    Account and card                                <\/h6>\n                                                                                                                            <div class=\"item\">\n                                        Free card issuance and administration                                     <\/div>\n                                                                    <div class=\"item\">\n                                        Free Web\/Mobile Banking, accessible anytime, anywhere                                     <\/div>\n                                                                    <div class=\"item\">\n                                        Secure transactions and guaranteed privacy                                     <\/div>\n                                                                    <div class=\"item\">\n                                        SMS and Push notifications for real-time transaction monitoring                                     <\/div>\n                                                                    <div class=\"item\">\n                                        Additional cards for authorized users                                     <\/div>\n                                                                    <div class=\"item\">\n                                        Premium cards at preferential conditions                                    <\/div>\n                                                                                    <\/div>\n                                            <div class=\"card\">\n                                                            <h6>\n                                    Advantageous financial transactions                                 <\/h6>\n                                                                                                                            <div class=\"item\">\n                                        Unlimited in-store and online payments 24\/7, no fees                                     <\/div>\n                                                                    <div class=\"item\">\n                                        Loans with preferential interest rates                                     <\/div>\n                                                                    <div class=\"item\">\n                                        Online loans and deposits &#8211; directly in the mobile app                                    <\/div>\n                                                                    <div class=\"item\">\n                                        <a href=\"https:\/\/micb.md\/wp-content\/uploads\/2025\/07\/tarife-pentru-deservirea-cardurilor-bancare-emise-de-moldindconbank-categoria-social-si-salarial.pdf\"><u>Interest on card account balance<\/u><\/a>                                    <\/div>\n                                                                    <div class=\"item\">\n                                        Cash withdrawals 24\/7 at home and abroad                                     <\/div>\n                                                                    <div class=\"item\">\n                                        P2P transfers anywhere in the world (free of charge within the bank)                                     <\/div>\n                                                                    <div class=\"item\">\n                                        Transfers to IBAN (individual\/legal entity)                                     <\/div>\n                                                                    <div class=\"item\">\n                                        Instant payments via MIA System &#8211; no fees                                    <\/div>\n                                                                                    <\/div>\n                                            <div class=\"card\">\n                                                            <h6>\n                                    Other benefits                                 <\/h6>\n                                                                                                                            <div class=\"item\">\n                                        Cashback and discounts for customers                                     <\/div>\n                                                                    <div class=\"item\">\n                                        Participation in promotional campaigns with attractive prizes                                     <\/div>\n                                                                    <div class=\"item\">\n                                        Extensive network of multi-functional ATMs available 24\/7                                     <\/div>\n                                                                    <div class=\"item\">\n                                        Extensive network of branches and agencies available in all cities and district centers                                     <\/div>\n                                                                    <div class=\"item\">\n                                        24\/7 Customer Support Service                                    <\/div>\n                                                                                    <\/div>\n                                    <\/div>\n            <\/div>\n        <\/section>\n    \n\n\n            <section class='contact-us-tab-section' id=\"contact_tab\">\n            <div class=\"wrap\">\n                <div class=\"tabs\">\n                    <ul class='nav-tabs'>\n                                                                                                <\/ul>\n                                            <div class='tab-content active' data-exchangeTab='tab_0'>\n                            <div class=\"row\">\n                                <div class=\"col\">\n                                                                                                                <div class='text'>\n                                            <h3>FAQ:<\/h3>\n<h5><\/h5>\n<h5>1. How is the project implemented?<\/h5>\n<p>The bank and the company sign An Application for Salary Project that will regulate the procedures for issuing cards to employees and for the company to transfer funds to the employees&#8217; card accounts.<\/p>\n<h5>2. What are the bank&#8217;s actions?<\/h5>\n<p style=\"text-align: justify;\"><strong>\u2714\ufe0f <\/strong>Opens card accounts.<\/p>\n<p style=\"text-align: justify;\"><strong>\u2714\ufe0f<\/strong>\u00a0Communicates to the company the number of each card account opened for employees.<\/p>\n<p style=\"text-align: justify;\"><strong>\u2714\ufe0f <\/strong>Quickly transfers all payroll transfers made by the company to the card accounts.<\/p>\n<p style=\"text-align: justify;\"><strong>\u2714\ufe0f <\/strong>Ensures processing of card transactions made by the company&#8217;s employees.<\/p>\n<h5>3. What are the company\u2019s actions?<\/h5>\n<p style=\"text-align: justify;\"><strong>\u2714\ufe0f <\/strong>Transmits employee data to the Bank for the purpose of opening card accounts and issuing cards.<\/p>\n<p style=\"text-align: justify;\"><strong>\u2714\ufe0f <\/strong>Transfer to the Bank the amounts of salaries.<\/p>\n                                        <\/div>\n                                                                                                                                            <\/div>\n                                <div class=\"col\">\n                                                                            <h5>\n                                            Request an offer here                                        <\/h5>\n                                                                                                                \n<div class=\"wpcf7 no-js\" id=\"wpcf7-f57362-o1\" lang=\"en-US\" dir=\"ltr\" data-wpcf7-id=\"57362\">\n<div class=\"screen-reader-response\"><p role=\"status\" aria-live=\"polite\" aria-atomic=\"true\"><\/p> <ul><\/ul><\/div>\n<form action=\"\/en\/wp-json\/wp\/v2\/pages\/57215#wpcf7-f57362-o1\" method=\"post\" class=\"wpcf7-form init\" aria-label=\"Contact form\" novalidate=\"novalidate\" data-status=\"init\">\n<fieldset class=\"hidden-fields-container\"><input type=\"hidden\" name=\"_wpcf7\" value=\"57362\" \/><input type=\"hidden\" name=\"_wpcf7_version\" value=\"6.1.1\" \/><input type=\"hidden\" name=\"_wpcf7_locale\" value=\"en_US\" \/><input type=\"hidden\" name=\"_wpcf7_unit_tag\" value=\"wpcf7-f57362-o1\" \/><input type=\"hidden\" name=\"_wpcf7_container_post\" value=\"0\" \/><input type=\"hidden\" name=\"_wpcf7_posted_data_hash\" value=\"\" \/>\n<\/fieldset>\n<p><span class=\"wpcf7-form-control-wrap\" data-name=\"NumePrenume\"><input size=\"40\" maxlength=\"400\" class=\"wpcf7-form-control wpcf7-text wpcf7-validates-as-required\" aria-required=\"true\" aria-invalid=\"false\" placeholder=\"Denumirea companiei\" value=\"\" type=\"text\" name=\"NumePrenume\" \/><\/span><br \/>\n<span class=\"wpcf7-form-control-wrap\" data-name=\"IDNO\"><input size=\"40\" maxlength=\"400\" class=\"wpcf7-form-control wpcf7-text wpcf7-validates-as-required\" aria-required=\"true\" aria-invalid=\"false\" placeholder=\"IDNO\" value=\"\" type=\"text\" name=\"IDNO\" \/><\/span><br \/>\n<span class=\"wpcf7-form-control-wrap\" data-name=\"Telefon\"><input size=\"40\" maxlength=\"400\" class=\"wpcf7-form-control wpcf7-tel wpcf7-validates-as-required wpcf7-text wpcf7-validates-as-tel\" aria-required=\"true\" aria-invalid=\"false\" placeholder=\"Telefon\" value=\"\" type=\"tel\" name=\"Telefon\" \/><\/span><br \/>\n<span class=\"wpcf7-form-control-wrap\" data-name=\"Email\"><input size=\"40\" maxlength=\"400\" class=\"wpcf7-form-control wpcf7-email wpcf7-validates-as-required wpcf7-text wpcf7-validates-as-email\" aria-required=\"true\" aria-invalid=\"false\" placeholder=\"Email\" value=\"\" type=\"email\" name=\"Email\" \/><\/span><br \/>\n<div class=\"wpcf7-turnstile cf-turnstile\" data-sitekey=\"0x4AAAAAACbwltEQ6iCxsPgE\" data-response-field-name=\"_wpcf7_turnstile_response\"><\/div><br \/>\n<input class=\"wpcf7-form-control wpcf7-submit has-spinner button blue\" type=\"submit\" value=\"Solicit\u0103 oferta\" \/>\n<\/p>\n<p><span class=\"wpcf7-form-control-wrap\" data-name=\"acceptance-148\"><span class=\"wpcf7-form-control wpcf7-acceptance\"><span class=\"wpcf7-list-item\"><label><input type=\"checkbox\" name=\"acceptance-148\" value=\"1\" aria-invalid=\"false\" \/><span class=\"wpcf7-list-item-label\"><a href=\"#cf7_m1\" class=\"btn getModal_cf7\">Sunt de acord cu prelucrarea datelor cu caracter personal.<\/a><\/span><\/label><\/span><\/span><\/span>\n<\/p>\n<div class=\"desc\">\n\t<p><strong>Moldindconbank<\/strong> are grij\u0103 de protec\u021bia datelor cu caracter personal, de aceea te inform\u0103m c\u0103 datele cu caracter personal pe care le-ai furnizat vor fi prelucrate \u00een procesul de analiz\u0103 a solicit\u0103rii. Ele vor fi accesibile persoanelor responsabile desemnate din cadrul companiei. Informa\u021bii complete despre prelucrarea datelor g\u0103se\u0219ti <a href=\"https:\/\/micb.md\/services\/nota-privind-datele-personale\/\">aici<\/a>.\n\t<\/p>\n<\/div><div class=\"wpcf7-response-output\" aria-hidden=\"true\"><\/div>\n<\/form>\n<\/div>\n                                                                    <\/div>\n                            <\/div>\n                        <\/div>\n                                    <\/div>\n            <\/div>\n        <\/section>\n    \n<script>\n    if (window.location.href.indexOf('vreau-card-neon') !== -1) {\n        document.addEventListener('DOMContentLoaded', function() {\n            var form = document.querySelector('.contact-us-simple-section form');\n            if (form) {\n                form.addEventListener('submit', function(event) {\n                    setTimeout(function() {\n                        window.dataLayer = window.dataLayer || [];\n                        window.dataLayer.push({\n                            'event': 'buttonSolicitaNeon'\n                        });\n                    }, 1000);\n                });\n            }\n        });\n    }\n<\/script>","protected":false},"excerpt":{"rendered":"","protected":false},"author":29,"featured_media":0,"parent":0,"menu_order":0,"comment_status":"closed","ping_status":"closed","template":"","meta":{"_acf_changed":false,"inline_featured_image":false,"footnotes":""},"class_list":["post-57215","page","type-page","status-publish","hentry"],"yoast_head":"<!-- This site is optimized with the Yoast SEO plugin v25.8 - https:\/\/yoast.com\/wordpress\/plugins\/seo\/ -->\n<title>Salary projects - MICB<\/title>\n<meta name=\"robots\" content=\"index, follow, max-snippet:-1, max-image-preview:large, max-video-preview:-1\" \/>\n<link rel=\"canonical\" href=\"https:\/\/micb.md\/en\/proiecte-salariale\/\" \/>\n<meta property=\"og:locale\" content=\"en_US\" \/>\n<meta property=\"og:type\" content=\"article\" \/>\n<meta property=\"og:title\" content=\"Salary projects - MICB\" \/>\n<meta property=\"og:url\" content=\"https:\/\/micb.md\/en\/proiecte-salariale\/\" \/>\n<meta property=\"og:site_name\" content=\"MICB\" \/>\n<meta property=\"article:modified_time\" content=\"2025-10-06T12:51:09+00:00\" \/>\n<meta name=\"twitter:card\" content=\"summary_large_image\" \/>\n<script type=\"application\/ld+json\" class=\"yoast-schema-graph\">{\"@context\":\"https:\/\/schema.org\",\"@graph\":[{\"@type\":\"WebPage\",\"@id\":\"https:\/\/micb.md\/en\/proiecte-salariale\/\",\"url\":\"https:\/\/micb.md\/en\/proiecte-salariale\/\",\"name\":\"Salary projects - MICB\",\"isPartOf\":{\"@id\":\"https:\/\/micb.md\/en\/#website\"},\"datePublished\":\"2025-05-29T08:51:29+00:00\",\"dateModified\":\"2025-10-06T12:51:09+00:00\",\"breadcrumb\":{\"@id\":\"https:\/\/micb.md\/en\/proiecte-salariale\/#breadcrumb\"},\"inLanguage\":\"en-US\",\"potentialAction\":[{\"@type\":\"ReadAction\",\"target\":[\"https:\/\/micb.md\/en\/proiecte-salariale\/\"]}]},{\"@type\":\"BreadcrumbList\",\"@id\":\"https:\/\/micb.md\/en\/proiecte-salariale\/#breadcrumb\",\"itemListElement\":[{\"@type\":\"ListItem\",\"position\":1,\"name\":\"Home\",\"item\":\"https:\/\/micb.md\/en\/\"},{\"@type\":\"ListItem\",\"position\":2,\"name\":\"Corporate banking\",\"item\":\"https:\/\/micb.md\/en\/persoane-juridice\/\"},{\"@type\":\"ListItem\",\"position\":3,\"name\":\"Salary projects\"}]},{\"@type\":\"WebSite\",\"@id\":\"https:\/\/micb.md\/en\/#website\",\"url\":\"https:\/\/micb.md\/en\/\",\"name\":\"MICB\",\"description\":\"Moldinconbank\",\"potentialAction\":[{\"@type\":\"SearchAction\",\"target\":{\"@type\":\"EntryPoint\",\"urlTemplate\":\"https:\/\/micb.md\/en\/?s={search_term_string}\"},\"query-input\":{\"@type\":\"PropertyValueSpecification\",\"valueRequired\":true,\"valueName\":\"search_term_string\"}}],\"inLanguage\":\"en-US\"}]}<\/script>\n<!-- \/ Yoast SEO plugin. -->","yoast_head_json":{"title":"Salary projects - MICB","robots":{"index":"index","follow":"follow","max-snippet":"max-snippet:-1","max-image-preview":"max-image-preview:large","max-video-preview":"max-video-preview:-1"},"canonical":"https:\/\/micb.md\/en\/proiecte-salariale\/","og_locale":"en_US","og_type":"article","og_title":"Salary projects - MICB","og_url":"https:\/\/micb.md\/en\/proiecte-salariale\/","og_site_name":"MICB","article_modified_time":"2025-10-06T12:51:09+00:00","twitter_card":"summary_large_image","schema":{"@context":"https:\/\/schema.org","@graph":[{"@type":"WebPage","@id":"https:\/\/micb.md\/en\/proiecte-salariale\/","url":"https:\/\/micb.md\/en\/proiecte-salariale\/","name":"Salary projects - MICB","isPartOf":{"@id":"https:\/\/micb.md\/en\/#website"},"datePublished":"2025-05-29T08:51:29+00:00","dateModified":"2025-10-06T12:51:09+00:00","breadcrumb":{"@id":"https:\/\/micb.md\/en\/proiecte-salariale\/#breadcrumb"},"inLanguage":"en-US","potentialAction":[{"@type":"ReadAction","target":["https:\/\/micb.md\/en\/proiecte-salariale\/"]}]},{"@type":"BreadcrumbList","@id":"https:\/\/micb.md\/en\/proiecte-salariale\/#breadcrumb","itemListElement":[{"@type":"ListItem","position":1,"name":"Home","item":"https:\/\/micb.md\/en\/"},{"@type":"ListItem","position":2,"name":"Corporate banking","item":"https:\/\/micb.md\/en\/persoane-juridice\/"},{"@type":"ListItem","position":3,"name":"Salary projects"}]},{"@type":"WebSite","@id":"https:\/\/micb.md\/en\/#website","url":"https:\/\/micb.md\/en\/","name":"MICB","description":"Moldinconbank","potentialAction":[{"@type":"SearchAction","target":{"@type":"EntryPoint","urlTemplate":"https:\/\/micb.md\/en\/?s={search_term_string}"},"query-input":{"@type":"PropertyValueSpecification","valueRequired":true,"valueName":"search_term_string"}}],"inLanguage":"en-US"}]}},"acf":[],"_links":{"self":[{"href":"https:\/\/micb.md\/en\/wp-json\/wp\/v2\/pages\/57215","targetHints":{"allow":["GET"]}}],"collection":[{"href":"https:\/\/micb.md\/en\/wp-json\/wp\/v2\/pages"}],"about":[{"href":"https:\/\/micb.md\/en\/wp-json\/wp\/v2\/types\/page"}],"author":[{"embeddable":true,"href":"https:\/\/micb.md\/en\/wp-json\/wp\/v2\/users\/29"}],"replies":[{"embeddable":true,"href":"https:\/\/micb.md\/en\/wp-json\/wp\/v2\/comments?post=57215"}],"version-history":[{"count":4,"href":"https:\/\/micb.md\/en\/wp-json\/wp\/v2\/pages\/57215\/revisions"}],"predecessor-version":[{"id":61174,"href":"https:\/\/micb.md\/en\/wp-json\/wp\/v2\/pages\/57215\/revisions\/61174"}],"wp:attachment":[{"href":"https:\/\/micb.md\/en\/wp-json\/wp\/v2\/media?parent=57215"}],"curies":[{"name":"wp","href":"https:\/\/api.w.org\/{rel}","templated":true}]}}