{"id":22196,"date":"2023-10-09T07:18:00","date_gmt":"2023-10-09T07:18:00","guid":{"rendered":"https:\/\/micb.md\/persoane-juridice\/promotii_pj\/"},"modified":"2023-10-09T07:33:37","modified_gmt":"2023-10-09T07:33:37","slug":"promotii_pj","status":"publish","type":"page","link":"https:\/\/micb.md\/en\/persoane-juridice\/promotii_pj\/","title":{"rendered":"Promotions"},"content":{"rendered":"<style>\n    :root {\n        --padding_desktop_top_btit:px;\n        --padding_desktop_bottom_btit:px;\n        --padding_mobile_top_btit:px;\n        --padding_mobile_bottom_btit:px;\n    }\n\n    .add_settings_btit {\n                    }\n\n    @media(max-width: 767px) {\n        .add_settings_btit {\n                                }\n    }\n<\/style>\n\n            <section class='page-title add_settings_btit' style=\"background-color: #f2f6f9; \">\n            <div class=\"wrap\">\n                                    <div class=\"breadcrumbs\"><span><span><a href=\"https:\/\/micb.md\/en\/\">Home<\/a><\/span><\/span><\/div>                \n                                                            <h3>\n                            Promotions                        <\/h3>\n                                                                <\/div>\n        <\/section>\n    \n\n\n            <section class='card-list-page'>\n            <div class=\"wrap\">\n                <div class=\"list\">\n                                            <div class='item'>\n                            <a class=\"img-box\" href=\"https:\/\/micb.md\/en\/promotions\/trei-de-zero-pentru-un-start-bun-in-agricultura-oferta-agro-de-la-moldindconbank\/\">\n                                                                                                    <img loading=\"lazy\" decoding=\"async\" width=\"288\" height=\"230\" src=\"https:\/\/micb.md\/wp-content\/uploads\/2026\/04\/news_article_288x230_ro-2.png\" class=\"attachment-full size-full wp-post-image\" alt=\"\" \/>                                                            <\/a>\n                            <div class=\"content\">\n                                <a class='title' href=\"https:\/\/micb.md\/en\/promotions\/trei-de-zero-pentru-un-start-bun-in-agricultura-oferta-agro-de-la-moldindconbank\/\">\n                                    Trei de ZERO pentru un start bun \u00een agricultur\u0103: oferta AGRO de la Moldindconbank                                <\/a>\n                                <div class=\"date\">\n                                                                                                                <div class=\"promo-date\">\n                                            <span>\n                                                Promotion period                                            <\/span>\n                                            <p>\n                                                01.02.2026-31.05.2026                                            <\/p>\n                                        <\/div>\n                                                                    <\/div>\n\n                                <a class=\"read-more\" href=\"https:\/\/micb.md\/en\/promotions\/trei-de-zero-pentru-un-start-bun-in-agricultura-oferta-agro-de-la-moldindconbank\/\">\n                                    Find out more                                    <img decoding=\"async\" src=\"https:\/\/micb.md\/wp-content\/themes\/micb\/images\/svg-icons\/arrow-right.svg\" alt=\"\">\n                                <\/a>\n                            <\/div>\n                        <\/div>\n                                            <div class='item'>\n                            <a class=\"img-box\" href=\"https:\/\/micb.md\/en\/promotions\/achita-cu-cardul-tau-mastercard-de-la-moldindconbank-si-poti-castiga-10-000-de-lei\/\">\n                                                                                                    <img loading=\"lazy\" decoding=\"async\" width=\"288\" height=\"230\" src=\"https:\/\/micb.md\/wp-content\/uploads\/2026\/01\/288x230_ro.png\" class=\"attachment-full size-full wp-post-image\" alt=\"\" \/>                                                            <\/a>\n                            <div class=\"content\">\n                                <a class='title' href=\"https:\/\/micb.md\/en\/promotions\/achita-cu-cardul-tau-mastercard-de-la-moldindconbank-si-poti-castiga-10-000-de-lei\/\">\n                                    Pay with your Mastercard card from Moldindconbank and you can win 10 000 lei                                <\/a>\n                                <div class=\"date\">\n                                                                                                                <div class=\"promo-date\">\n                                            <span>\n                                                Promotion period                                            <\/span>\n                                            <p>\n                                                01.01.2026-31.12.2026                                            <\/p>\n                                        <\/div>\n                                                                    <\/div>\n\n                                <a class=\"read-more\" href=\"https:\/\/micb.md\/en\/promotions\/achita-cu-cardul-tau-mastercard-de-la-moldindconbank-si-poti-castiga-10-000-de-lei\/\">\n                                    Find out more                                    <img decoding=\"async\" src=\"https:\/\/micb.md\/wp-content\/themes\/micb\/images\/svg-icons\/arrow-right.svg\" alt=\"\">\n                                <\/a>\n                            <\/div>\n                        <\/div>\n                                            <div class='item'>\n                            <a class=\"img-box\" href=\"https:\/\/micb.md\/en\/promotions\/cardul-business-mastercard-cu-linie-de-credit-si-reducere-la-toate-statiile-peco-din-lume-acum-valabil-pana-la-31-decembrie-2025\/\">\n                                                                                                    <img loading=\"lazy\" decoding=\"async\" width=\"288\" height=\"230\" src=\"https:\/\/micb.md\/wp-content\/uploads\/2025\/07\/288x230-5.png\" class=\"attachment-full size-full wp-post-image\" alt=\"\" \/>                                                            <\/a>\n                            <div class=\"content\">\n                                <a class='title' href=\"https:\/\/micb.md\/en\/promotions\/cardul-business-mastercard-cu-linie-de-credit-si-reducere-la-toate-statiile-peco-din-lume-acum-valabil-pana-la-31-decembrie-2025\/\">\n                                    Cardul Business Mastercard cu linie de credit \u0219i reducere la toate sta\u021biile Peco din lume \u2013 acum valabil p\u00e2n\u0103 la 31 decembrie 2025!                                <\/a>\n                                <div class=\"date\">\n                                                                                                                <div class=\"promo-date\">\n                                            <span>\n                                                Promotion period                                            <\/span>\n                                            <p>\n                                                01.04.2025-31.12.2025                                            <\/p>\n                                        <\/div>\n                                                                    <\/div>\n\n                                <a class=\"read-more\" href=\"https:\/\/micb.md\/en\/promotions\/cardul-business-mastercard-cu-linie-de-credit-si-reducere-la-toate-statiile-peco-din-lume-acum-valabil-pana-la-31-decembrie-2025\/\">\n                                    Find out more                                    <img decoding=\"async\" src=\"https:\/\/micb.md\/wp-content\/themes\/micb\/images\/svg-icons\/arrow-right.svg\" alt=\"\">\n                                <\/a>\n                            <\/div>\n                        <\/div>\n                                            <div class='item'>\n                            <a class=\"img-box\" href=\"https:\/\/micb.md\/en\/promotions\/moldindconbank-prezinta-cardul-business-mastercard-cu-linie-de-credit-si-reduceri-la-benzinarii\/\">\n                                                                                                    <img loading=\"lazy\" decoding=\"async\" width=\"288\" height=\"230\" src=\"https:\/\/micb.md\/wp-content\/uploads\/2025\/04\/288x230-2.png\" class=\"attachment-full size-full wp-post-image\" alt=\"\" \/>                                                            <\/a>\n                            <div class=\"content\">\n                                <a class='title' href=\"https:\/\/micb.md\/en\/promotions\/moldindconbank-prezinta-cardul-business-mastercard-cu-linie-de-credit-si-reduceri-la-benzinarii\/\">\n                                    Moldindconbank prezint\u0103 cardul Business Mastercard\u00ae cu linie de credit \u0219i reduceri la benzin\u0103rii                                <\/a>\n                                <div class=\"date\">\n                                                                                                                <div class=\"promo-date\">\n                                            <span>\n                                                Promotion period                                            <\/span>\n                                            <p>\n                                                01.04.2025 &#8211; 30.09.2025                                            <\/p>\n                                        <\/div>\n                                                                    <\/div>\n\n                                <a class=\"read-more\" href=\"https:\/\/micb.md\/en\/promotions\/moldindconbank-prezinta-cardul-business-mastercard-cu-linie-de-credit-si-reduceri-la-benzinarii\/\">\n                                    Find out more                                    <img decoding=\"async\" src=\"https:\/\/micb.md\/wp-content\/themes\/micb\/images\/svg-icons\/arrow-right.svg\" alt=\"\">\n                                <\/a>\n                            <\/div>\n                        <\/div>\n                                            <div class='item'>\n                            <a class=\"img-box\" href=\"https:\/\/micb.md\/en\/promotions\/oferta-de-primavara-pentru-agricultori-de-la-moldindconbank\/\">\n                                                                                                    <img loading=\"lazy\" decoding=\"async\" width=\"288\" height=\"230\" src=\"https:\/\/micb.md\/wp-content\/uploads\/2025\/02\/288x230_news_-1.png\" class=\"attachment-full size-full wp-post-image\" alt=\"\" \/>                                                            <\/a>\n                            <div class=\"content\">\n                                <a class='title' href=\"https:\/\/micb.md\/en\/promotions\/oferta-de-primavara-pentru-agricultori-de-la-moldindconbank\/\">\n                                    Ofert\u0103 de prim\u0103var\u0103 pentru agricultori de la Moldindconbank                                <\/a>\n                                <div class=\"date\">\n                                                                                                                <div class=\"promo-date\">\n                                            <span>\n                                                Promotion period                                            <\/span>\n                                            <p>\n                                                01.02.2025 \u2013 31.05.2025                                            <\/p>\n                                        <\/div>\n                                                                    <\/div>\n\n                                <a class=\"read-more\" href=\"https:\/\/micb.md\/en\/promotions\/oferta-de-primavara-pentru-agricultori-de-la-moldindconbank\/\">\n                                    Find out more                                    <img decoding=\"async\" src=\"https:\/\/micb.md\/wp-content\/themes\/micb\/images\/svg-icons\/arrow-right.svg\" alt=\"\">\n                                <\/a>\n                            <\/div>\n                        <\/div>\n                                            <div class='item'>\n                            <a class=\"img-box\" href=\"https:\/\/micb.md\/en\/promotions\/cu-business-card-de-la-moldindconbank-ai-3-reducere-la-benzinariile-vento-2\/\">\n                                                                                                    <img loading=\"lazy\" decoding=\"async\" width=\"288\" height=\"230\" src=\"https:\/\/micb.md\/wp-content\/uploads\/2024\/03\/presa_288x230_vento_ro.png\" class=\"attachment-full size-full wp-post-image\" alt=\"\" \/>                                                            <\/a>\n                            <div class=\"content\">\n                                <a class='title' href=\"https:\/\/micb.md\/en\/promotions\/cu-business-card-de-la-moldindconbank-ai-3-reducere-la-benzinariile-vento-2\/\">\n                                    With the Business Card from Moldindconbank you get a 3% discount at Vento filling stations                                <\/a>\n                                <div class=\"date\">\n                                                                                                                <div class=\"promo-date\">\n                                            <span>\n                                                Promotion period                                            <\/span>\n                                            <p>\n                                                05.02.2025-31.12.2025                                            <\/p>\n                                        <\/div>\n                                                                    <\/div>\n\n                                <a class=\"read-more\" href=\"https:\/\/micb.md\/en\/promotions\/cu-business-card-de-la-moldindconbank-ai-3-reducere-la-benzinariile-vento-2\/\">\n                                    Find out more                                    <img decoding=\"async\" src=\"https:\/\/micb.md\/wp-content\/themes\/micb\/images\/svg-icons\/arrow-right.svg\" alt=\"\">\n                                <\/a>\n                            <\/div>\n                        <\/div>\n                                            <div class='item'>\n                            <a class=\"img-box\" href=\"https:\/\/micb.md\/en\/promotions\/moldindconbank-launches-business-card-credit-line-exclusively-for-metro-customers\/\">\n                                                                                                    <img loading=\"lazy\" decoding=\"async\" width=\"288\" height=\"230\" src=\"https:\/\/micb.md\/wp-content\/uploads\/2024\/12\/288x230_.jpg\" class=\"attachment-full size-full wp-post-image\" alt=\"\" \/>                                                            <\/a>\n                            <div class=\"content\">\n                                <a class='title' href=\"https:\/\/micb.md\/en\/promotions\/moldindconbank-launches-business-card-credit-line-exclusively-for-metro-customers\/\">\n                                    Moldindconbank launches Business Card credit line exclusively for METRO customers!                                <\/a>\n                                <div class=\"date\">\n                                                                                                                <div class=\"promo-date\">\n                                            <span>\n                                                Promotion period                                            <\/span>\n                                            <p>\n                                                12.12.2024 &#8211; 30.06.2025                                             <\/p>\n                                        <\/div>\n                                                                    <\/div>\n\n                                <a class=\"read-more\" href=\"https:\/\/micb.md\/en\/promotions\/moldindconbank-launches-business-card-credit-line-exclusively-for-metro-customers\/\">\n                                    Find out more                                    <img decoding=\"async\" src=\"https:\/\/micb.md\/wp-content\/themes\/micb\/images\/svg-icons\/arrow-right.svg\" alt=\"\">\n                                <\/a>\n                            <\/div>\n                        <\/div>\n                                            <div class='item'>\n                            <a class=\"img-box\" href=\"https:\/\/micb.md\/en\/promotions\/treci-cu-afacerea-la-moldindconbank-si-beneficiezi-gratuit-timp-de-6-luni-de-serviciile-incluse-in-pachetul-business-plus\/\">\n                                                                                                    <img loading=\"lazy\" decoding=\"async\" width=\"288\" height=\"230\" src=\"https:\/\/micb.md\/wp-content\/uploads\/2024\/10\/288x230_news_.png\" class=\"attachment-full size-full wp-post-image\" alt=\"\" \/>                                                            <\/a>\n                            <div class=\"content\">\n                                <a class='title' href=\"https:\/\/micb.md\/en\/promotions\/treci-cu-afacerea-la-moldindconbank-si-beneficiezi-gratuit-timp-de-6-luni-de-serviciile-incluse-in-pachetul-business-plus\/\">\n                                    Treci cu afacerea la Moldindconbank \u0219i beneficiezi gratuit, timp de 6 luni, de serviciile incluse \u00een pachetul Business Plus                                <\/a>\n                                <div class=\"date\">\n                                                                                                                <div class=\"promo-date\">\n                                            <span>\n                                                Promotion period                                            <\/span>\n                                            <p>\n                                                Nelimitat                                            <\/p>\n                                        <\/div>\n                                                                    <\/div>\n\n                                <a class=\"read-more\" href=\"https:\/\/micb.md\/en\/promotions\/treci-cu-afacerea-la-moldindconbank-si-beneficiezi-gratuit-timp-de-6-luni-de-serviciile-incluse-in-pachetul-business-plus\/\">\n                                    Find out more                                    <img decoding=\"async\" src=\"https:\/\/micb.md\/wp-content\/themes\/micb\/images\/svg-icons\/arrow-right.svg\" alt=\"\">\n                                <\/a>\n                            <\/div>\n                        <\/div>\n                                    <\/div>\n\n                <div class=\"pagination\">\n                    <span class=\"btn prev disabled\"><svg><use xlink:href=\"https:\/\/micb.md\/wp-content\/themes\/micb\/images\/sprite.svg#arrow-left-blue\"><\/use><\/svg><\/span>                    <span aria-current=\"page\" class=\"page-numbers current\">1<\/span>\n<a class=\"page-numbers\" href=\"https:\/\/micb.md\/en\/wp-json\/wp\/v2\/pages\/22196\/page\/2\/\">2<\/a>\n<a class=\"next page-numbers\" href=\"https:\/\/micb.md\/en\/wp-json\/wp\/v2\/pages\/22196\/page\/2\/\"><svg><use xlink:href=\"https:\/\/micb.md\/wp-content\/themes\/micb\/images\/sprite.svg#arrow-right\"><\/use><\/svg><\/a>                                    <\/div>\n            <\/div>\n        <\/section>\n    ","protected":false},"excerpt":{"rendered":"","protected":false},"author":3,"featured_media":0,"parent":9840,"menu_order":0,"comment_status":"closed","ping_status":"closed","template":"","meta":{"_acf_changed":false,"inline_featured_image":false,"footnotes":""},"class_list":["post-22196","page","type-page","status-publish","hentry"],"yoast_head":"<!-- This site is optimized with the Yoast SEO plugin v25.8 - https:\/\/yoast.com\/wordpress\/plugins\/seo\/ -->\n<title>Promotions - MICB<\/title>\n<meta name=\"robots\" content=\"index, follow, max-snippet:-1, max-image-preview:large, max-video-preview:-1\" \/>\n<link rel=\"canonical\" href=\"https:\/\/micb.md\/en\/persoane-juridice\/promotii_pj\/\" \/>\n<meta property=\"og:locale\" content=\"en_US\" \/>\n<meta property=\"og:type\" content=\"article\" \/>\n<meta property=\"og:title\" content=\"Promotions - MICB\" \/>\n<meta property=\"og:url\" content=\"https:\/\/micb.md\/en\/persoane-juridice\/promotii_pj\/\" \/>\n<meta property=\"og:site_name\" content=\"MICB\" \/>\n<meta property=\"article:modified_time\" content=\"2023-10-09T07:33:37+00:00\" \/>\n<meta name=\"twitter:card\" content=\"summary_large_image\" \/>\n<script type=\"application\/ld+json\" class=\"yoast-schema-graph\">{\"@context\":\"https:\/\/schema.org\",\"@graph\":[{\"@type\":\"WebPage\",\"@id\":\"https:\/\/micb.md\/en\/persoane-juridice\/promotii_pj\/\",\"url\":\"https:\/\/micb.md\/en\/persoane-juridice\/promotii_pj\/\",\"name\":\"Promotions - MICB\",\"isPartOf\":{\"@id\":\"https:\/\/micb.md\/en\/#website\"},\"datePublished\":\"2023-10-09T07:18:00+00:00\",\"dateModified\":\"2023-10-09T07:33:37+00:00\",\"breadcrumb\":{\"@id\":\"https:\/\/micb.md\/en\/persoane-juridice\/promotii_pj\/#breadcrumb\"},\"inLanguage\":\"en-US\",\"potentialAction\":[{\"@type\":\"ReadAction\",\"target\":[\"https:\/\/micb.md\/en\/persoane-juridice\/promotii_pj\/\"]}]},{\"@type\":\"BreadcrumbList\",\"@id\":\"https:\/\/micb.md\/en\/persoane-juridice\/promotii_pj\/#breadcrumb\",\"itemListElement\":[{\"@type\":\"ListItem\",\"position\":1,\"name\":\"Home\",\"item\":\"https:\/\/micb.md\/en\/\"},{\"@type\":\"ListItem\",\"position\":2,\"name\":\"Corporate banking\",\"item\":\"https:\/\/micb.md\/en\/persoane-juridice\/\"},{\"@type\":\"ListItem\",\"position\":3,\"name\":\"Promotions\"}]},{\"@type\":\"WebSite\",\"@id\":\"https:\/\/micb.md\/en\/#website\",\"url\":\"https:\/\/micb.md\/en\/\",\"name\":\"MICB\",\"description\":\"Moldinconbank\",\"potentialAction\":[{\"@type\":\"SearchAction\",\"target\":{\"@type\":\"EntryPoint\",\"urlTemplate\":\"https:\/\/micb.md\/en\/?s={search_term_string}\"},\"query-input\":{\"@type\":\"PropertyValueSpecification\",\"valueRequired\":true,\"valueName\":\"search_term_string\"}}],\"inLanguage\":\"en-US\"}]}<\/script>\n<!-- \/ Yoast SEO plugin. -->","yoast_head_json":{"title":"Promotions - MICB","robots":{"index":"index","follow":"follow","max-snippet":"max-snippet:-1","max-image-preview":"max-image-preview:large","max-video-preview":"max-video-preview:-1"},"canonical":"https:\/\/micb.md\/en\/persoane-juridice\/promotii_pj\/","og_locale":"en_US","og_type":"article","og_title":"Promotions - MICB","og_url":"https:\/\/micb.md\/en\/persoane-juridice\/promotii_pj\/","og_site_name":"MICB","article_modified_time":"2023-10-09T07:33:37+00:00","twitter_card":"summary_large_image","schema":{"@context":"https:\/\/schema.org","@graph":[{"@type":"WebPage","@id":"https:\/\/micb.md\/en\/persoane-juridice\/promotii_pj\/","url":"https:\/\/micb.md\/en\/persoane-juridice\/promotii_pj\/","name":"Promotions - MICB","isPartOf":{"@id":"https:\/\/micb.md\/en\/#website"},"datePublished":"2023-10-09T07:18:00+00:00","dateModified":"2023-10-09T07:33:37+00:00","breadcrumb":{"@id":"https:\/\/micb.md\/en\/persoane-juridice\/promotii_pj\/#breadcrumb"},"inLanguage":"en-US","potentialAction":[{"@type":"ReadAction","target":["https:\/\/micb.md\/en\/persoane-juridice\/promotii_pj\/"]}]},{"@type":"BreadcrumbList","@id":"https:\/\/micb.md\/en\/persoane-juridice\/promotii_pj\/#breadcrumb","itemListElement":[{"@type":"ListItem","position":1,"name":"Home","item":"https:\/\/micb.md\/en\/"},{"@type":"ListItem","position":2,"name":"Corporate banking","item":"https:\/\/micb.md\/en\/persoane-juridice\/"},{"@type":"ListItem","position":3,"name":"Promotions"}]},{"@type":"WebSite","@id":"https:\/\/micb.md\/en\/#website","url":"https:\/\/micb.md\/en\/","name":"MICB","description":"Moldinconbank","potentialAction":[{"@type":"SearchAction","target":{"@type":"EntryPoint","urlTemplate":"https:\/\/micb.md\/en\/?s={search_term_string}"},"query-input":{"@type":"PropertyValueSpecification","valueRequired":true,"valueName":"search_term_string"}}],"inLanguage":"en-US"}]}},"acf":[],"_links":{"self":[{"href":"https:\/\/micb.md\/en\/wp-json\/wp\/v2\/pages\/22196","targetHints":{"allow":["GET"]}}],"collection":[{"href":"https:\/\/micb.md\/en\/wp-json\/wp\/v2\/pages"}],"about":[{"href":"https:\/\/micb.md\/en\/wp-json\/wp\/v2\/types\/page"}],"author":[{"embeddable":true,"href":"https:\/\/micb.md\/en\/wp-json\/wp\/v2\/users\/3"}],"replies":[{"embeddable":true,"href":"https:\/\/micb.md\/en\/wp-json\/wp\/v2\/comments?post=22196"}],"version-history":[{"count":3,"href":"https:\/\/micb.md\/en\/wp-json\/wp\/v2\/pages\/22196\/revisions"}],"predecessor-version":[{"id":22207,"href":"https:\/\/micb.md\/en\/wp-json\/wp\/v2\/pages\/22196\/revisions\/22207"}],"up":[{"embeddable":true,"href":"https:\/\/micb.md\/en\/wp-json\/wp\/v2\/pages\/9840"}],"wp:attachment":[{"href":"https:\/\/micb.md\/en\/wp-json\/wp\/v2\/media?parent=22196"}],"curies":[{"name":"wp","href":"https:\/\/api.w.org\/{rel}","templated":true}]}}