{"id":1183,"date":"2022-06-06T12:25:08","date_gmt":"2022-06-06T12:25:08","guid":{"rendered":"https:\/\/micb.md\/?post_type=charity&#038;p=1183"},"modified":"2023-07-24T06:45:10","modified_gmt":"2023-07-24T06:45:10","slug":"cultura","status":"publish","type":"page","link":"https:\/\/micb.md\/en\/cultura\/","title":{"rendered":"Cultur\u0103"},"content":{"rendered":"\n\t\t\t<section class='hero-services'>\n\t\t\t\t\t\t\t<div class=\"wrap\">\n\t\t\t\t\t<div class=\"breadcrumbs\"><span><span><a href=\"https:\/\/micb.md\/en\/\">Home<\/a><\/span>  <span><a href=\"https:\/\/micb.md\/en\/about-moldinconbank\/\">About us<\/a><\/span><\/span><\/div>\t\t\t\t<\/div>\n\t\t\t\t\t\t<div class=\"wrap2\">\n\t\t\t\t<div class=\"box\">\n\t\t\t\t\t\t\t\t\t\t\t<img loading=\"lazy\" decoding=\"async\" width=\"1352\" height=\"528\" src=\"https:\/\/micb.md\/wp-content\/uploads\/2022\/06\/card-de-credit-rus-1-2-1.jpg\" class=\"desk-img\" alt=\"\" srcset=\"https:\/\/micb.md\/wp-content\/uploads\/2022\/06\/card-de-credit-rus-1-2-1.jpg 1352w, https:\/\/micb.md\/wp-content\/uploads\/2022\/06\/card-de-credit-rus-1-2-1-300x117.jpg 300w, https:\/\/micb.md\/wp-content\/uploads\/2022\/06\/card-de-credit-rus-1-2-1-1024x400.jpg 1024w\" sizes=\"auto, (max-width: 1352px) 100vw, 1352px\" \/>\t\t\t\t\t\t\t\t\t\t<div class=\"content\">\n\t\t\t\t\t\t\t\t\t\t\t\t\t<h1 style=\"color: ;\">\n\t\t\t\t\t\t\t\tCultur\u0103\t\t\t\t\t\t\t<\/h1>\n\t\t\t\t\t\t\t\t\t\t\t\t\t\t\t\t\t\t\t\t\t\t\t\t\t\t\t\t\t<\/div>\n\t\t\t\t<\/div>\n\t\t\t<\/div>\n\t\t<\/section>\n\t\n\n<style>\n    :root {\n        --padding_desktop_top_bsd:px;\n        --padding_desktop_bottom_bsd:px;\n        --padding_mobile_top_bsd:px;\n        --padding_mobile_bottom_bsd:px;\n    }\n\n    .add_settings_bsd {\n                    }\n\n    @media(max-width: 767px) {\n        .add_settings_bsd {\n                                }\n    }\n<\/style>\n\n            <section class=\"simple-desc-section add_settings_bsd\" style=\"background-color:;\">\n            <div class=\"wrap\">\n                <div class=\"text long\" style=\"color:;\">\n                    <p><!-- wp:paragraph --><\/p>\n<p>A devenit deja o tradi\u0163ie pentru Moldindconbank s\u0103 contribuie activ la promovarea artei, arti\u015ftilor \u015fi a culturii na\u0163ionale, pun\u00e2nd accent pe \u00eencurajarea talentelor, dezvoltarea institu\u0163iilor care ini\u0163iaz\u0103 \u015fi deruleaz\u0103 ac\u0163iuni culturale \u0219i nu doar.<\/p>\n<p>&nbsp;<\/p>\n<ul>\n<li>De 30 de ani Moldindconbank este partenerul de \u00eencredere al Teatrului Na\u0163ional \u201eMihai Eminescu\u201d prin sprijinul acordat \u00een cadrul \u201eReuniunii Teatrelor Na\u0163ionale\u201d an de an. La fel, banca a sus\u0163inut diverse proiecte \u00eencep\u00e2nd cu efectuarea lucr\u0103rilor de repara\u0163ii, modernizarea tehnicii \u015fi echipamentului de iluminare a scenei, montarea mai multor spectacole, lansarea a dou\u0103 volume dedicate form\u0103rii \u0219i istoriei Teatrului Na\u021bional din Chi\u0219in\u0103u, modernizarea echipamentului de v\u00e2nzare a tichetelor<\/li>\n<\/ul>\n<p>&nbsp;<\/p>\n<ul>\n<li>\u00cen 2022 Moldindconbank a fost unul dintre partenerii principali ai Festivalului Tineretului din 10 septembrie al\u0103turi de Prim\u0103ria Chi\u0219in\u0103u<\/li>\n<\/ul>\n<p>&nbsp;<\/p>\n<ul>\n<li>\u00cen 2016 Moldindconbank a sus\u021binut financiar Festivalul Interna\u0163ional al \u015ecolilor de Film \u201eClassFest\u201d organizat de Academia de Muzic\u0103, Teatru \u015fi Arte Plastice la care \u0219i-au prezentat lucr\u0103rile artistice studen\u021bi din din \u0219coli precum: Universitatea de Stat de Teatru \u0219i Film SHOTA RUSTAVELI (TAFU), Tbisili, Georgia; \u0218coala Na\u021bional\u0103 de Film, Televiziune \u0219i Teatru, Lodz, Polonia; Universitatea Na\u021bional\u0103 de Teatru, Film \u0219i TV KARPENKO-KAR\u00ceY, Kiev, Ucraina; Universitatea de Arte Plastice din Roma, Italia; Universitatea Na\u0163ional\u0103 de Art\u0103 Teatral\u0103 \u015fi Cinematografic\u0103 I. L. Caragiale, Bucure\u015fti<\/li>\n<\/ul>\n<p>&nbsp;<\/p>\n<ul>\n<li>A devenit deja o tradi\u0163ie, prin care Moldindconbank sprijin\u0103 organizarea Festivalului Interna\u0163ional de Ethno Jazz. 3 ani consecutivi banca a contribuit la aducerea arti\u015ftilor de talie interna\u0163ional\u0103 mai aproape de publicul din Republica Moldova<\/li>\n<\/ul>\n<p>&nbsp;<\/p>\n<ul>\n<li>Colaborarea dintre Moldindconbank \u015fi IPNA Compania \u201eTeleradio-Moldova\u201d (TRM) dureaz\u0103 mai bine de 15 ani, perioad\u0103 \u00een care Banca a sus\u0163inut diverse proiecte sociale, at\u00e2t de anvergur\u0103 na\u0163ional\u0103, c\u00e2t \u015fi interna\u0163ional\u0103, continu\u00e2nd cu sus\u0163inerea deja tradi\u0163ionalului concurs Eurovision c\u00e2\u021biva ani consecutivi.<\/li>\n<\/ul>\n<p><!-- \/wp:list --><\/p>\n                <\/div>\n            <\/div>\n        <\/section>\n    ","protected":false},"excerpt":{"rendered":"<p>A devenit deja o tradi\u0163ie pentru Moldindconbank s\u0103 contribuie activ la promovarea artei, arti\u015ftilor \u015fi a culturii na\u0163ionale, pun\u00e2nd accent pe \u00eencurajarea talentelor, dezvoltarea institu\u0163iilor care ini\u0163iaz\u0103 \u015fi deruleaz\u0103 ac\u0163iuni culturale \u0219i nu doar.<\/p>\n","protected":false},"author":29,"featured_media":14484,"parent":0,"menu_order":0,"comment_status":"closed","ping_status":"closed","template":"","meta":{"_acf_changed":false,"inline_featured_image":false,"footnotes":""},"class_list":["post-1183","page","type-page","status-publish","has-post-thumbnail","hentry"],"yoast_head":"<!-- This site is optimized with the Yoast SEO plugin v25.8 - https:\/\/yoast.com\/wordpress\/plugins\/seo\/ -->\n<title>Cultur\u0103 - MICB<\/title>\n<meta name=\"robots\" content=\"index, follow, max-snippet:-1, max-image-preview:large, max-video-preview:-1\" \/>\n<link rel=\"canonical\" href=\"https:\/\/micb.md\/en\/cultura\/\" \/>\n<meta property=\"og:locale\" content=\"en_US\" \/>\n<meta property=\"og:type\" content=\"article\" \/>\n<meta property=\"og:title\" content=\"Cultur\u0103 - MICB\" \/>\n<meta property=\"og:description\" content=\"A devenit deja o tradi\u0163ie pentru Moldindconbank s\u0103 contribuie activ la promovarea artei, arti\u015ftilor \u015fi a culturii na\u0163ionale, pun\u00e2nd accent pe \u00eencurajarea talentelor, dezvoltarea institu\u0163iilor care ini\u0163iaz\u0103 \u015fi deruleaz\u0103 ac\u0163iuni culturale \u0219i nu doar.\" \/>\n<meta property=\"og:url\" content=\"https:\/\/micb.md\/en\/cultura\/\" \/>\n<meta property=\"og:site_name\" content=\"MICB\" \/>\n<meta property=\"article:modified_time\" content=\"2023-07-24T06:45:10+00:00\" \/>\n<meta property=\"og:image\" content=\"https:\/\/micb.md\/wp-content\/uploads\/2022\/06\/card-de-credit-rus-1-2-1.jpg\" \/>\n\t<meta property=\"og:image:width\" content=\"1352\" \/>\n\t<meta property=\"og:image:height\" content=\"528\" \/>\n\t<meta property=\"og:image:type\" content=\"image\/jpeg\" \/>\n<meta name=\"twitter:card\" content=\"summary_large_image\" \/>\n<script type=\"application\/ld+json\" class=\"yoast-schema-graph\">{\"@context\":\"https:\/\/schema.org\",\"@graph\":[{\"@type\":\"WebPage\",\"@id\":\"https:\/\/micb.md\/en\/cultura\/\",\"url\":\"https:\/\/micb.md\/en\/cultura\/\",\"name\":\"Cultur\u0103 - MICB\",\"isPartOf\":{\"@id\":\"https:\/\/micb.md\/en\/#website\"},\"primaryImageOfPage\":{\"@id\":\"https:\/\/micb.md\/en\/cultura\/#primaryimage\"},\"image\":{\"@id\":\"https:\/\/micb.md\/en\/cultura\/#primaryimage\"},\"thumbnailUrl\":\"https:\/\/micb.md\/wp-content\/uploads\/2022\/06\/card-de-credit-rus-1-2-1.jpg\",\"datePublished\":\"2022-06-06T12:25:08+00:00\",\"dateModified\":\"2023-07-24T06:45:10+00:00\",\"breadcrumb\":{\"@id\":\"https:\/\/micb.md\/en\/cultura\/#breadcrumb\"},\"inLanguage\":\"en-US\",\"potentialAction\":[{\"@type\":\"ReadAction\",\"target\":[\"https:\/\/micb.md\/en\/cultura\/\"]}]},{\"@type\":\"ImageObject\",\"inLanguage\":\"en-US\",\"@id\":\"https:\/\/micb.md\/en\/cultura\/#primaryimage\",\"url\":\"https:\/\/micb.md\/wp-content\/uploads\/2022\/06\/card-de-credit-rus-1-2-1.jpg\",\"contentUrl\":\"https:\/\/micb.md\/wp-content\/uploads\/2022\/06\/card-de-credit-rus-1-2-1.jpg\",\"width\":1352,\"height\":528},{\"@type\":\"BreadcrumbList\",\"@id\":\"https:\/\/micb.md\/en\/cultura\/#breadcrumb\",\"itemListElement\":[{\"@type\":\"ListItem\",\"position\":1,\"name\":\"Home\",\"item\":\"https:\/\/micb.md\/en\/\"},{\"@type\":\"ListItem\",\"position\":2,\"name\":\"About us\",\"item\":\"https:\/\/micb.md\/en\/about-moldinconbank\/\"},{\"@type\":\"ListItem\",\"position\":3,\"name\":\"Cultur\u0103\"}]},{\"@type\":\"WebSite\",\"@id\":\"https:\/\/micb.md\/en\/#website\",\"url\":\"https:\/\/micb.md\/en\/\",\"name\":\"MICB\",\"description\":\"Moldinconbank\",\"potentialAction\":[{\"@type\":\"SearchAction\",\"target\":{\"@type\":\"EntryPoint\",\"urlTemplate\":\"https:\/\/micb.md\/en\/?s={search_term_string}\"},\"query-input\":{\"@type\":\"PropertyValueSpecification\",\"valueRequired\":true,\"valueName\":\"search_term_string\"}}],\"inLanguage\":\"en-US\"}]}<\/script>\n<!-- \/ Yoast SEO plugin. -->","yoast_head_json":{"title":"Cultur\u0103 - MICB","robots":{"index":"index","follow":"follow","max-snippet":"max-snippet:-1","max-image-preview":"max-image-preview:large","max-video-preview":"max-video-preview:-1"},"canonical":"https:\/\/micb.md\/en\/cultura\/","og_locale":"en_US","og_type":"article","og_title":"Cultur\u0103 - MICB","og_description":"A devenit deja o tradi\u0163ie pentru Moldindconbank s\u0103 contribuie activ la promovarea artei, arti\u015ftilor \u015fi a culturii na\u0163ionale, pun\u00e2nd accent pe \u00eencurajarea talentelor, dezvoltarea institu\u0163iilor care ini\u0163iaz\u0103 \u015fi deruleaz\u0103 ac\u0163iuni culturale \u0219i nu doar.","og_url":"https:\/\/micb.md\/en\/cultura\/","og_site_name":"MICB","article_modified_time":"2023-07-24T06:45:10+00:00","og_image":[{"width":1352,"height":528,"url":"https:\/\/micb.md\/wp-content\/uploads\/2022\/06\/card-de-credit-rus-1-2-1.jpg","type":"image\/jpeg"}],"twitter_card":"summary_large_image","schema":{"@context":"https:\/\/schema.org","@graph":[{"@type":"WebPage","@id":"https:\/\/micb.md\/en\/cultura\/","url":"https:\/\/micb.md\/en\/cultura\/","name":"Cultur\u0103 - MICB","isPartOf":{"@id":"https:\/\/micb.md\/en\/#website"},"primaryImageOfPage":{"@id":"https:\/\/micb.md\/en\/cultura\/#primaryimage"},"image":{"@id":"https:\/\/micb.md\/en\/cultura\/#primaryimage"},"thumbnailUrl":"https:\/\/micb.md\/wp-content\/uploads\/2022\/06\/card-de-credit-rus-1-2-1.jpg","datePublished":"2022-06-06T12:25:08+00:00","dateModified":"2023-07-24T06:45:10+00:00","breadcrumb":{"@id":"https:\/\/micb.md\/en\/cultura\/#breadcrumb"},"inLanguage":"en-US","potentialAction":[{"@type":"ReadAction","target":["https:\/\/micb.md\/en\/cultura\/"]}]},{"@type":"ImageObject","inLanguage":"en-US","@id":"https:\/\/micb.md\/en\/cultura\/#primaryimage","url":"https:\/\/micb.md\/wp-content\/uploads\/2022\/06\/card-de-credit-rus-1-2-1.jpg","contentUrl":"https:\/\/micb.md\/wp-content\/uploads\/2022\/06\/card-de-credit-rus-1-2-1.jpg","width":1352,"height":528},{"@type":"BreadcrumbList","@id":"https:\/\/micb.md\/en\/cultura\/#breadcrumb","itemListElement":[{"@type":"ListItem","position":1,"name":"Home","item":"https:\/\/micb.md\/en\/"},{"@type":"ListItem","position":2,"name":"About us","item":"https:\/\/micb.md\/en\/about-moldinconbank\/"},{"@type":"ListItem","position":3,"name":"Cultur\u0103"}]},{"@type":"WebSite","@id":"https:\/\/micb.md\/en\/#website","url":"https:\/\/micb.md\/en\/","name":"MICB","description":"Moldinconbank","potentialAction":[{"@type":"SearchAction","target":{"@type":"EntryPoint","urlTemplate":"https:\/\/micb.md\/en\/?s={search_term_string}"},"query-input":{"@type":"PropertyValueSpecification","valueRequired":true,"valueName":"search_term_string"}}],"inLanguage":"en-US"}]}},"acf":[],"_links":{"self":[{"href":"https:\/\/micb.md\/en\/wp-json\/wp\/v2\/pages\/1183","targetHints":{"allow":["GET"]}}],"collection":[{"href":"https:\/\/micb.md\/en\/wp-json\/wp\/v2\/pages"}],"about":[{"href":"https:\/\/micb.md\/en\/wp-json\/wp\/v2\/types\/page"}],"author":[{"embeddable":true,"href":"https:\/\/micb.md\/en\/wp-json\/wp\/v2\/users\/29"}],"replies":[{"embeddable":true,"href":"https:\/\/micb.md\/en\/wp-json\/wp\/v2\/comments?post=1183"}],"version-history":[{"count":3,"href":"https:\/\/micb.md\/en\/wp-json\/wp\/v2\/pages\/1183\/revisions"}],"predecessor-version":[{"id":15295,"href":"https:\/\/micb.md\/en\/wp-json\/wp\/v2\/pages\/1183\/revisions\/15295"}],"wp:featuredmedia":[{"embeddable":true,"href":"https:\/\/micb.md\/en\/wp-json\/wp\/v2\/media\/14484"}],"wp:attachment":[{"href":"https:\/\/micb.md\/en\/wp-json\/wp\/v2\/media?parent=1183"}],"curies":[{"name":"wp","href":"https:\/\/api.w.org\/{rel}","templated":true}]}}